{"id":13648,"date":"2022-08-19T14:11:12","date_gmt":"2022-08-19T14:11:12","guid":{"rendered":""},"modified":"2022-08-19T14:11:12","modified_gmt":"2022-08-19T14:11:12","slug":"hoya-prilliklaasid1","status":"publish","type":"product","link":"https:\/\/optika.ee\/ru\/p\/hoya-prilliklaasid1\/","title":{"rendered":"Hoya \u043b\u0438\u043d\u0437\u044b"},"content":{"rendered":"<p><strong>Nulux<\/strong><strong>active<\/strong>\u00a0\u043f\u0435\u0440\u0441\u043e\u043d\u0430\u043b\u044c\u043d\u044b\u0435 \u043c\u043e\u043d\u043e\u0444\u043e\u043a\u0430\u043b\u044c\u043d\u044b\u0435 \u043b\u0438\u043d\u0437\u044b. \u00a0\u0412\u0435\u0440\u0442\u0438\u043a\u0430\u043b\u044c\u043d\u044b\u0439 \u0430\u0441\u0444\u0435\u0440\u0438\u0447\u0435\u0441\u043a\u0438\u0439 \u0434\u0438\u0437\u0430\u0439\u043d. \u0414\u043e\u0441\u0442\u0443\u043f\u043d\u044b \u0438\u0437 1.50, 1.60, 1.67 \u043c\u0430\u0442\u0435\u0440\u0438\u0430\u043b\u0430<\/p>\n<ul>\n<li>\u041a\u043e\u043c\u0444\u043e\u0440\u0442\u043d\u043e\u0435 \u0437\u0440\u0435\u043d\u0438\u0435 \u0434\u043b\u044f \u043b\u044e\u0434\u0435\u0439 \u0430\u043a\u0442\u0438\u0432\u043d\u044b\u0445 \u0432 \u0442\u0435\u0447\u0435\u043d\u0438\u0438 \u0432\u0441\u0435\u0433\u043e \u0434\u043d\u044f. \u0417\u0430\u0449\u0438\u0449\u0430\u044e\u0442 \u0433\u043b\u0430\u0437\u0430 \u043e\u0442 \u043f\u043e\u043a\u0440\u0430\u0441\u043d\u0435\u043d\u0438\u044f, \u0443\u0441\u0442\u0430\u043b\u043e\u0441\u0442\u0438 \u0438 \u0433\u043e\u043b\u043e\u0432\u043d\u043e\u0439 \u0431\u043e\u043b\u0438.<\/li>\n<li>\u041f\u043e\u0434\u043e\u0439\u0434\u0443\u0442 \u043b\u044e\u0434\u044f\u043c, \u043a\u043e\u0442\u043e\u0440\u044b\u0435 \u043c\u043d\u043e\u0433\u043e \u0432\u0440\u0435\u043c\u0435\u043d\u0438 \u043f\u0440\u043e\u0432\u043e\u0434\u044f\u0442 \u043e\u043a\u043e\u043b\u043e \u043a\u043e\u043c\u043f\u044c\u044e\u0442\u0435\u0440\u0430<\/li>\n<li>\u0414\u043e\u043f\u043e\u043b\u043d\u0438\u0442\u0435\u043b\u044c\u043d\u043e\u0435 \u0443\u0434\u043e\u0431\u0441\u0442\u0432\u043e \u043f\u0440\u0438 \u0447\u0442\u0435\u043d\u0438\u0438<\/li>\n<li>\u0411\u044b\u0441\u0442\u0440\u0430\u044f \u0430\u0434\u0430\u043f\u0442\u0430\u0446\u0438\u044f \u043a \u043f\u0440\u043e\u0433\u0440\u0435\u0441\u0441\u0438\u0432\u043d\u044b\u043c \u043b\u0438\u043d\u0437\u0430\u043c V\u00f5imaldab kiiremat adaptatsiooni progresseeruvate l\u00e4\u00e4tsedega, kui see aeg k\u00e4tte j\u00f5uab<\/li>\n<\/ul>\n<p>&nbsp;<\/p>\n<p><strong>TACT<\/strong><strong>\u00a0200<\/strong>\u00a0\u044d\u0444\u0444\u0435\u043a\u0442\u0438\u0432\u043d\u044b\u0435 \u043b\u0438\u043d\u0437\u044b \u0434\u043b\u044f \u0440\u0430\u0431\u043e\u0442\u044b \u0441 \u043a\u043e\u043c\u043f\u044c\u044e\u0442\u0435\u0440\u043e\u043c, \u043a\u043e\u0442\u043e\u0440\u044b\u0435 \u043e\u0431\u0435\u0441\u043f\u0435\u0447\u0438\u0432\u0430\u044e\u0442 \u0448\u0438\u0440\u043e\u043a\u043e\u0435 \u043f\u043e\u043b\u0435 \u0437\u0440\u0435\u043d\u0438\u044f \u043d\u0430 \u0431\u043b\u0438\u0436\u043d\u0438\u0445 \u0438 \u0441\u0440\u0435\u0434\u043d\u0438\u0445 \u0440\u0430\u0441\u0441\u0442\u043e\u044f\u043d\u0438\u044f\u0445(\u0434\u043e 200 \u043c)<\/p>\n<ul>\n<li>\u0414\u043b\u044f \u043b\u044e\u0434\u0435\u0439, \u043a\u043e\u0442\u043e\u0440\u044b\u0435 \u0434\u043b\u0438\u0442\u0435\u043b\u044c\u043d\u043e\u0435 \u0432\u0440\u0435\u043c\u044f \u0438\u0441\u043f\u043e\u043b\u044c\u0437\u0443\u044e\u0442 \u043a\u043e\u043c\u043f\u044c\u044e\u0442\u0435\u0440<\/li>\n<\/ul>\n<p>&nbsp;<\/p>\n<p><strong>TACT<\/strong><strong>\u00a0400<\/strong>\u00a0\u0434\u043b\u044f \u0440\u0430\u0431\u043e\u0442\u043d\u0438\u043a\u043e\u0432 \u043a\u043e\u043d\u0442\u043e\u0440, \u00a0\u043a\u043e\u0442\u043e\u0440\u044b\u043c \u0447\u0430\u0441\u0442\u043e \u043f\u0440\u0438\u0445\u043e\u0434\u0438\u0442\u0441\u044f \u043f\u0435\u0440\u0435\u0432\u043e\u0434\u0438\u0442\u044c \u0432\u0437\u0433\u043b\u044f\u0434 \u0441 \u0431\u043b\u0438\u0437\u043a\u043e\u0433\u043e \u043d\u0430 \u0434\u0430\u043b\u044c\u043d\u0435\u0435 \u0440\u0430\u0441\u0441\u0442\u043e\u044f\u043d\u0438\u0435.<\/p>\n<p>&nbsp;<\/p>\n<p><strong>ADDPOWER<\/strong>\u00a0\u043b\u0438\u043d\u0437\u044b \u0434\u043b\u044f \u0440\u0430\u0431\u043e\u0442\u044b \u0432\u0431\u043b\u0438\u0437\u0438<\/p>\n<ul>\n<li>\u0414\u043b\u044f \u043b\u044e\u0434\u0435\u0439, \u043a\u043e\u0442\u043e\u0440\u044b\u0435 \u043c\u043d\u043e\u0433\u043e \u0447\u0438\u0442\u0430\u044e\u0442<\/li>\n<li>\u041e\u0431\u0435\u0441\u043f\u0435\u0447\u0438\u0432\u0430\u044e\u0442 Pakub tuge ja s\u00fcvateravust l\u00e4hidistantsile<\/li>\n<\/ul>\n<p>&nbsp;<\/p>\n<p><strong>LECTURE\u00a0<\/strong>\u0441\u0442\u0435\u043a\u043b\u0430 \u0434\u043b\u044f \u0440\u0430\u0431\u043e\u0442\u044b \u0432\u0431\u043b\u0438\u0437\u0438<\/p>\n<ul>\n<li>\u0428\u0438\u0440\u043e\u043a\u0430\u044f \u0437\u043e\u043d\u0430 \u0447\u0442\u0435\u043d\u0438\u044f<\/li>\n<\/ul>\n<p>&nbsp;<\/p>\n<p><strong>Hoyalux<\/strong><strong>iD<\/strong><strong>Workstyle<\/strong><strong>V<\/strong><strong>+<\/strong>\u00a0\u043f\u0435\u0440\u0441\u043e\u043d\u0430\u043b\u044c\u043d\u043e\u0435 \u0440\u0435\u0448\u0435\u043d\u0438\u0435, \u043a\u043e\u0442\u043e\u0440\u043e\u0435 \u043e\u0441\u043d\u043e\u0432\u0430\u043d\u043e \u0432 \u0437\u0430\u0432\u0438\u0441\u0438\u043c\u043e\u0441\u0442\u0438 \u043e\u0442 \u0440\u0430\u0431\u043e\u0442\u044b \u0438 \u0438\u043d\u0434\u0438\u0432\u0438\u0434\u0443\u0430\u043b\u044c\u043d\u044b\u0445 \u043f\u043e\u0442\u0440\u0435\u0431\u043d\u043e\u0441\u0442\u044f\u0445<\/p>\n<ul>\n<li>\u041e\u0442\u043b\u0438\u0447\u043d\u043e\u0435 \u0432\u0435\u0434\u0435\u043d\u0438\u0435 \u043d\u0430 \u043a\u043e\u0440\u043e\u0442\u043a\u0438\u0445 \u0438 \u0434\u043b\u0438\u043d\u043d\u044b\u0445 \u0440\u0430\u0441\u0441\u0442\u043e\u044f\u043d\u0438\u044f\u0445; \u043e\u0441\u043e\u0431\u0435\u043d\u043d\u043e \u043f\u043e\u0434\u0445\u043e\u0434\u044f\u0442 \u0434\u043b\u044f \u0440\u0430\u0431\u043e\u0442\u044b \u0437\u0430 \u043a\u043e\u043c\u043f\u044c\u044e\u0442\u0435\u0440\u043e\u043c<\/li>\n<li>\u041c\u0430\u043a\u0441\u0438\u043c\u0430\u043b\u044c\u043d\u043e \u0448\u0438\u0440\u043e\u043a\u043e\u0435 \u0438 \u0447\u0435\u0442\u043a\u043e\u0435 \u0432\u0438\u0434\u0435\u043d\u0438\u0435 \u043d\u0430 \u0441\u0440\u0435\u0434\u043d\u0435\u0439 \u0434\u0430\u043b\u044c\u043d\u043e\u0441\u0442\u0438<\/li>\n<li>\u041c\u044f\u0433\u043a\u043e\u0435 \u0438 \u0443\u0434\u043e\u0431\u043d\u043e\u0435 \u0432\u0438\u0434\u0435\u043d\u0438\u0435 \u043d\u0430 \u0440\u0430\u0437\u043d\u044b\u0445 \u0434\u0430\u043b\u044c\u043d\u043e\u0441\u0442\u044f\u0445<\/li>\n<li>\u0415\u0441\u0442\u0435\u0441\u0442\u0432\u0435\u043d\u043d\u043e\u0435 \u0438 \u0441\u0442\u0430\u0431\u0438\u043b\u044c\u043d\u043e\u0435 \u0432\u0438\u0434\u0435\u043d\u0438\u0435 \u0434\u0432\u0438\u0436\u0435\u043d\u0438\u044f \u0432\u043e\u043a\u0440\u0443\u0433<\/li>\n<\/ul>\n<p>&nbsp;<\/p>\n<p><strong>Hoyalux<\/strong><strong>iD<\/strong><strong>Lifestyle<\/strong><strong>V<\/strong><strong>+<\/strong>\u00a0\u043f\u0440\u043e\u0433\u0440\u0435\u0441\u0441\u0438\u0432\u043d\u044b\u0435 \u0441\u0442\u0435\u043a\u043b\u0430 \u0432\u044b\u0441\u043e\u043a\u043e\u0433\u043e \u043a\u0430\u0447\u0435\u0441\u0442\u0432\u0430, \u043a\u043e\u0442\u043e\u0440\u044b\u0435 \u043f\u0440\u043e\u0438\u0437\u0432\u0435\u0434\u0435\u043d\u044b \u043d\u0430 \u043e\u0441\u043d\u043e\u0432\u0435 iD FreeFrom \u0442\u0435\u0445\u043d\u043e\u043b\u043e\u0433\u0438\u0438.<\/p>\n<p>\u0423\u043d\u0438\u043a\u0430\u043b\u044c\u043d\u0430\u044f \u0437\u0430\u043f\u0430\u0442\u0435\u043d\u0442\u043e\u0432\u0430\u043d\u043d\u0430\u044f \u0442\u0435\u0445\u043d\u043e\u043b\u043e\u0433\u0438\u044f pakub ridamisi kandmiseeliseid:<\/p>\n<ul>\n<li>\u041b\u0435\u0433\u043a\u0438\u0439 \u043f\u0435\u0440\u0435\u0445\u043e\u0434 \u0441 \u0443\u0434\u0430\u043b\u0435\u043d\u043d\u043e\u0433\u043e \u0432 \u0431\u043b\u0438\u0436\u043d\u0435\u0435 \u0440\u0430\u0441\u0441\u0442\u043e\u044f\u043d\u0438\u0435<\/li>\n<li>\u0428\u0438\u0440\u043e\u043a\u043e\u0435 \u043f\u043e\u043b\u0435 \u0437\u0440\u0435\u043d\u0438\u044f<\/li>\n<\/ul>\n<p><\/p>","protected":false},"excerpt":{"rendered":"Nuluxactive\u00a0\u043f\u0435\u0440\u0441\u043e\u043d\u0430\u043b\u044c\u043d\u044b\u0435 \u043c\u043e\u043d\u043e\u0444\u043e\u043a\u0430\u043b\u044c\u043d\u044b\u0435 \u043b\u0438\u043d\u0437\u044b. \u00a0\u0412\u0435\u0440\u0442\u0438\u043a\u0430\u043b\u044c\u043d\u044b\u0439 \u0430\u0441\u0444\u0435\u0440\u0438\u0447\u0435\u0441\u043a\u0438\u0439 \u0434\u0438\u0437\u0430\u0439\u043d. \u0414\u043e\u0441\u0442\u0443\u043f\u043d\u044b \u0438\u0437 1.50, 1.60, 1.67 \u043c\u0430\u0442\u0435\u0440\u0438\u0430\u043b\u0430 \u041a\u043e\u043c\u0444\u043e\u0440\u0442\u043d\u043e\u0435 \u0437\u0440\u0435\u043d\u0438\u0435 \u0434\u043b\u044f \u043b\u044e\u0434\u0435\u0439 \u0430\u043a\u0442\u0438\u0432\u043d\u044b\u0445 \u0432 \u0442\u0435\u0447\u0435\u043d\u0438\u0438 \u0432\u0441\u0435\u0433\u043e","protected":false},"featured_media":13649,"template":"","meta":{"inline_featured_image":false},"product_brand":[],"product_cat":[460],"product_tag":[],"class_list":{"0":"post-13648","1":"product","2":"type-product","3":"status-publish","4":"has-post-thumbnail","6":"product_cat-prilliklaasid1","7":"tm-no-options","9":"first","10":"outofstock","11":"taxable","12":"shipping-taxable","13":"purchasable","14":"product-type-simple"},"_links":{"self":[{"href":"https:\/\/optika.ee\/ru\/wp-json\/wp\/v2\/product\/13648","targetHints":{"allow":["GET"]}}],"collection":[{"href":"https:\/\/optika.ee\/ru\/wp-json\/wp\/v2\/product"}],"about":[{"href":"https:\/\/optika.ee\/ru\/wp-json\/wp\/v2\/types\/product"}],"wp:featuredmedia":[{"embeddable":true,"href":"https:\/\/optika.ee\/ru\/wp-json\/wp\/v2\/media\/13649"}],"wp:attachment":[{"href":"https:\/\/optika.ee\/ru\/wp-json\/wp\/v2\/media?parent=13648"}],"wp:term":[{"taxonomy":"product_brand","embeddable":true,"href":"https:\/\/optika.ee\/ru\/wp-json\/wp\/v2\/product_brand?post=13648"},{"taxonomy":"product_cat","embeddable":true,"href":"https:\/\/optika.ee\/ru\/wp-json\/wp\/v2\/product_cat?post=13648"},{"taxonomy":"product_tag","embeddable":true,"href":"https:\/\/optika.ee\/ru\/wp-json\/wp\/v2\/product_tag?post=13648"}],"curies":[{"name":"wp","href":"https:\/\/api.w.org\/{rel}","templated":true}]}}