{"id":13626,"date":"2022-04-25T16:15:39","date_gmt":"2022-04-25T14:15:39","guid":{"rendered":"https:\/\/optika.ee\/et\/?page_id=13626"},"modified":"2022-04-25T16:15:56","modified_gmt":"2022-04-25T14:15:56","slug":"tule-toole","status":"publish","type":"page","link":"https:\/\/optika.ee\/ru\/tule-toole\/","title":{"rendered":"\u0412\u0430\u043a\u0430\u043d\u0441\u0438\u0438"},"content":{"rendered":"<div class=\"wpb-content-wrapper\"><p>[vc_row][vc_column][vc_column_text]Meie meeskonda on alati oodatud v\u00f5imekad, s\u00e4ravad ja kohusetundlikud spetsialistid. Kui tunned, et oled \u00f5ige inimene ja tahad kaasa l\u00fc\u00fca, siis \u00e4ra kahtle, vaid saada meile oma sooviavaldus ja CV aadressile\u00a0<a href=\"mailto:info@optika.ee?subject=Tule%20t%C3%B6%C3%B6le%20sooviavaldus\">info@optika.ee<\/a>.[\/vc_column_text][\/vc_column][\/vc_row][vc_row][vc_column width=&#187;1\/2&#8243;][vc_single_image image=&#187;13627&#8243; img_size=&#187;large&#187; woodmart_inline=&#187;no&#187; parallax_scroll=&#187;no&#187;][\/vc_column][vc_column width=&#187;1\/2&#8243;][vc_single_image image=&#187;13628&#8243; img_size=&#187;large&#187; woodmart_inline=&#187;no&#187; parallax_scroll=&#187;no&#187;][\/vc_column][\/vc_row]<\/p>\n<\/div>","protected":false},"excerpt":{"rendered":"<p>[vc_row][vc_column][vc_column_text]Meie meeskonda on alati oodatud v\u00f5imekad, s\u00e4ravad ja kohusetundlikud spetsialistid. Kui tunned, et oled \u00f5ige inimene ja tahad kaasa l\u00fc\u00fca,<\/p>\n","protected":false},"author":1,"featured_media":0,"parent":0,"menu_order":2,"comment_status":"closed","ping_status":"closed","template":"","meta":{"inline_featured_image":false,"footnotes":""},"class_list":["post-13626","page","type-page","status-publish","hentry"],"_links":{"self":[{"href":"https:\/\/optika.ee\/ru\/wp-json\/wp\/v2\/pages\/13626","targetHints":{"allow":["GET"]}}],"collection":[{"href":"https:\/\/optika.ee\/ru\/wp-json\/wp\/v2\/pages"}],"about":[{"href":"https:\/\/optika.ee\/ru\/wp-json\/wp\/v2\/types\/page"}],"author":[{"embeddable":true,"href":"https:\/\/optika.ee\/ru\/wp-json\/wp\/v2\/users\/1"}],"replies":[{"embeddable":true,"href":"https:\/\/optika.ee\/ru\/wp-json\/wp\/v2\/comments?post=13626"}],"version-history":[{"count":2,"href":"https:\/\/optika.ee\/ru\/wp-json\/wp\/v2\/pages\/13626\/revisions"}],"predecessor-version":[{"id":13630,"href":"https:\/\/optika.ee\/ru\/wp-json\/wp\/v2\/pages\/13626\/revisions\/13630"}],"wp:attachment":[{"href":"https:\/\/optika.ee\/ru\/wp-json\/wp\/v2\/media?parent=13626"}],"curies":[{"name":"wp","href":"https:\/\/api.w.org\/{rel}","templated":true}]}}