{"id":13648,"date":"2022-08-19T14:11:12","date_gmt":"2022-08-19T14:11:12","guid":{"rendered":""},"modified":"2022-08-19T14:11:12","modified_gmt":"2022-08-19T14:11:12","slug":"hoya-prilliklaasid1","status":"publish","type":"product","link":"https:\/\/optika.ee\/et\/p\/hoya-prilliklaasid1\/","title":{"rendered":"Hoya prilliklaasid"},"content":{"rendered":"<p><strong>Nulux active\u00a0<\/strong>personaliseeritud monofokaalne l\u00e4\u00e4ts. Vertikaalne asf\u00e4\u00e4riline disain. Saadaval 1.50, 1.60, 1.67 materjalidest<\/p>\n<ul>\n<li>Pingevaba n\u00e4gemine eriti noortel inimestel, kelle elustiil on aktiivne kogu p\u00e4eva v\u00e4ltel. V\u00e4ldib silmade punetust, v\u00e4simust ja peavalu.<\/li>\n<li>M\u00f5eldud inimestele, kes kasutavad rohkesti digitaalseid seadmeid.<\/li>\n<li>Pakub lisa funktsionaalset mugavust lugemisel<\/li>\n<li>V\u00f5imaldab kiiremat adaptatsiooni progresseeruvate l\u00e4\u00e4tsedega, kui see aeg k\u00e4tte j\u00f5uab.<\/li>\n<\/ul>\n<p>&nbsp;<\/p>\n<p><strong>TACT 200\u00a0<\/strong>efektiivne arvutil\u00e4\u00e4ts, pakub eriti laia vaatev\u00e4lja t\u00f6\u00f6tades l\u00e4hi- ja keskdistantsil (kuni 200m)<\/p>\n<ul>\n<li>Inimestele, kes aegajalt kasutavad arvutit<\/li>\n<\/ul>\n<p>&nbsp;<\/p>\n<p><strong>TACT 400\u00a0<\/strong>kontorit\u00f6\u00f6tajatele, optimaalne progresseeruv lahendus ametitele, kus on vajalik sagedane \u00fcmberl\u00fclitus l\u00e4hidistantsilt kaugdistantsile.<\/p>\n<ul>\n<li>Presb\u00fcoopidele, kes tunnevad end piiratult oma t\u00f6\u00f6kohal<\/li>\n<li>Pakub maksimaalset vabadus fokusseerides l\u00e4hidistantsilt kaugdistantsile<\/li>\n<\/ul>\n<p>&nbsp;<\/p>\n<p><strong>ADDPOWER\u00a0<\/strong>l\u00e4hit\u00f6\u00f6 klaasid<\/p>\n<ul>\n<li>Inimestele, kes loevad palju<\/li>\n<li>Pakub tuge ja s\u00fcvateravust l\u00e4hidistantsile<\/li>\n<\/ul>\n<p>&nbsp;<\/p>\n<p><strong>LECTURE\u00a0<\/strong>l\u00e4hit\u00f6\u00f6 klaasid<\/p>\n<ul>\n<li>Laiem lugemisala<\/li>\n<\/ul>\n<p>&nbsp;<\/p>\n<p><strong>Hoyalux iD Workstyle V+\u00a0<\/strong>on personaliseeritud siseruumide lahendus, mis on kohandatud l\u00e4htudes individuaalsetest t\u00f6\u00f6tamise ja kandmise tingimustest.<\/p>\n<ul>\n<li>Suurep\u00e4rane s\u00fcva- ja laiustaju l\u00e4hi- ja keskdistantsidel; eriti sobiv kui kasutada digitaalseid seadmeid<\/li>\n<li>Alati maksimaalselt lai ja kristallselge n\u00e4gemine keskdistantsidel<\/li>\n<li>Pehme ja mugav \u00fcleminek erinevate distantside vahel<\/li>\n<li>Loomulik ja stabiilne n\u00e4gemine ringi liikudes<\/li>\n<\/ul>\n<p>&nbsp;<\/p>\n<p><strong>Hoyalux iD Lifestyle V+\u00a0<\/strong>k\u00f5rgkvaliteediline progresseeruv prillil\u00e4\u00e4ts, mis baseerub iD FreeFrom tehnoloogial<\/p>\n<p>Hoya unikaalne patendeeritud tehnoloogia pakub ridamisi kandmiseeliseid:<\/p>\n<ul>\n<li>Kerge \u00fcleminek kaugdistantsilt l\u00e4hidistantsile<\/li>\n<li>Lai vaatev\u00e4li<\/li>\n<\/ul>\n<p><\/p>","protected":false},"excerpt":{"rendered":"Nulux active\u00a0personaliseeritud monofokaalne l\u00e4\u00e4ts. Vertikaalne asf\u00e4\u00e4riline disain. Saadaval 1.50, 1.60, 1.67 materjalidest Pingevaba n\u00e4gemine eriti noortel inimestel, kelle elustiil on","protected":false},"featured_media":13649,"template":"","meta":{"inline_featured_image":false},"product_brand":[],"product_cat":[460],"product_tag":[],"class_list":{"0":"post-13648","1":"product","2":"type-product","3":"status-publish","4":"has-post-thumbnail","6":"product_cat-prilliklaasid1","7":"tm-no-options","9":"first","10":"outofstock","11":"taxable","12":"shipping-taxable","13":"purchasable","14":"product-type-simple"},"_links":{"self":[{"href":"https:\/\/optika.ee\/et\/wp-json\/wp\/v2\/product\/13648","targetHints":{"allow":["GET"]}}],"collection":[{"href":"https:\/\/optika.ee\/et\/wp-json\/wp\/v2\/product"}],"about":[{"href":"https:\/\/optika.ee\/et\/wp-json\/wp\/v2\/types\/product"}],"wp:featuredmedia":[{"embeddable":true,"href":"https:\/\/optika.ee\/et\/wp-json\/wp\/v2\/media\/13649"}],"wp:attachment":[{"href":"https:\/\/optika.ee\/et\/wp-json\/wp\/v2\/media?parent=13648"}],"wp:term":[{"taxonomy":"product_brand","embeddable":true,"href":"https:\/\/optika.ee\/et\/wp-json\/wp\/v2\/product_brand?post=13648"},{"taxonomy":"product_cat","embeddable":true,"href":"https:\/\/optika.ee\/et\/wp-json\/wp\/v2\/product_cat?post=13648"},{"taxonomy":"product_tag","embeddable":true,"href":"https:\/\/optika.ee\/et\/wp-json\/wp\/v2\/product_tag?post=13648"}],"curies":[{"name":"wp","href":"https:\/\/api.w.org\/{rel}","templated":true}]}}