{"id":13646,"date":"2022-08-19T14:11:12","date_gmt":"2022-08-19T14:11:12","guid":{"rendered":""},"modified":"2022-08-19T14:11:12","modified_gmt":"2022-08-19T14:11:12","slug":"ohendatud-prilliklaasid1","status":"publish","type":"product","link":"https:\/\/optika.ee\/et\/p\/ohendatud-prilliklaasid1\/","title":{"rendered":"\u00d5hendatud prilliklaasid"},"content":{"rendered":"<p><\/p>\n<p class=\"Standard\"><strong>PRILLIKKLAASIDE \u00d5HENDUSE INDEKSID:<\/strong><\/p>\n<p class=\"Standard\">1,5 indeks on tavaline, ilma \u00f5henduseta klaas.<\/p>\n<p class=\"Standard\">1,56 indeks on v\u00e4ike \u00f5hendus.<\/p>\n<p class=\"Standard\">1,6 indeks on keskmine \u00f5hendus ehk \u00fchekordselt \u00f5hendatud klaas. Tavaklaasist 30 &#8211; 40 % \u00f5hem.<\/p>\n<p class=\"Standard\">1, 67 indeks on kahekordselt \u00f5hendatud klaas. Tavaklaasist 40 &#8211; 50 % \u00f5hem ja vastupidavam.<\/p>\n<p class=\"Standard\">1,74 indeks on kolmekordselt \u00f5hendatud klaas. Tavaklaasist 50 -60 % \u00f5hem.<\/p>\n<p class=\"Standard\">1,76 indeks on erakordselt \u00f5huke klaas.<\/p>\n<p><\/p>","protected":false},"excerpt":{"rendered":"PRILLIKKLAASIDE \u00d5HENDUSE INDEKSID: 1,5 indeks on tavaline, ilma \u00f5henduseta klaas. 1,56 indeks on v\u00e4ike \u00f5hendus. 1,6 indeks on keskmine \u00f5hendus","protected":false},"featured_media":13647,"template":"","meta":{"inline_featured_image":false},"product_brand":[],"product_cat":[460],"product_tag":[],"class_list":{"0":"post-13646","1":"product","2":"type-product","3":"status-publish","4":"has-post-thumbnail","6":"product_cat-prilliklaasid1","7":"tm-no-options","9":"first","10":"outofstock","11":"taxable","12":"shipping-taxable","13":"purchasable","14":"product-type-simple"},"_links":{"self":[{"href":"https:\/\/optika.ee\/et\/wp-json\/wp\/v2\/product\/13646","targetHints":{"allow":["GET"]}}],"collection":[{"href":"https:\/\/optika.ee\/et\/wp-json\/wp\/v2\/product"}],"about":[{"href":"https:\/\/optika.ee\/et\/wp-json\/wp\/v2\/types\/product"}],"wp:featuredmedia":[{"embeddable":true,"href":"https:\/\/optika.ee\/et\/wp-json\/wp\/v2\/media\/13647"}],"wp:attachment":[{"href":"https:\/\/optika.ee\/et\/wp-json\/wp\/v2\/media?parent=13646"}],"wp:term":[{"taxonomy":"product_brand","embeddable":true,"href":"https:\/\/optika.ee\/et\/wp-json\/wp\/v2\/product_brand?post=13646"},{"taxonomy":"product_cat","embeddable":true,"href":"https:\/\/optika.ee\/et\/wp-json\/wp\/v2\/product_cat?post=13646"},{"taxonomy":"product_tag","embeddable":true,"href":"https:\/\/optika.ee\/et\/wp-json\/wp\/v2\/product_tag?post=13646"}],"curies":[{"name":"wp","href":"https:\/\/api.w.org\/{rel}","templated":true}]}}