{"id":13642,"date":"2022-08-19T14:11:11","date_gmt":"2022-08-19T14:11:11","guid":{"rendered":""},"modified":"2022-10-10T12:10:24","modified_gmt":"2022-10-10T10:10:24","slug":"prilliklaaside-pinnakatted1","status":"publish","type":"product","link":"https:\/\/optika.ee\/et\/p\/prilliklaaside-pinnakatted1\/","title":{"rendered":"Prilliklaaside pinnakatted"},"content":{"rendered":"<p><strong>PRILLIKLAASIDE PINNAKATTED<\/strong><\/p>\n<p>Prilliklaaside erinevad pinnakatted on m\u00f5eldud selleks, et suurendada prilliklaaside vastupidavust ning t\u00e4iustada n\u00e4gemist. Erinevad pinnakatted teevad klaaside kasutamise meeldivamaks ja m\u00f5jutavad muuhulgas n\u00e4gemisteravust ja -selgust, klaaside v\u00e4ljan\u00e4gemist, kasutusmugavust, vastupidavust, puhastatavust ja mustuse h\u00fclgavust. Pinnakatteid on v\u00f5imalik valida vastavalt vajadusele ja v\u00f5imalustele.<\/p>\n<p><strong>PEEGELDUSVASTASE (AR ehk antirefleks) KATTEGA KLAASID<\/strong><\/p>\n<p>Tavaline prilliklaas, nii klaas-, kui ka plastikmaterjalist, peegeldab valgust \u00fchelt pinnalt u 4%, m\u00f5lemalt pinnalt kokku u 8%, mille tulemusena ei j\u00f5ua peegelduste t\u00f5ttu l\u00e4bi prilliklaasi kogu valgus ja informatsioon silmani. Kui tegemist on \u00f5hukese klaasiga v\u00f5ib valgusekadu ulatuda 20%-ni. Peegeldusest tingitud valguskadusid hoitakse \u00e4ra prilliklaasi optilistele pinnale kantud peegeldusvastase\u00a0 AR (antireflection) pinnakattega, mis v\u00e4hendab peegeldusi 1%-ni. Lisaks klaasi optilisele paranemisele on t\u00e4htis ka esteetiline efekt &#8211; prilliklaas on pea m\u00e4rkamatu, j\u00e4ttes prillidest kergema ja \u00f5hulisema mulje. Peegeldusvastne kate teeb klaasid kergemini puhastatavaks ning tolmu ja vee suhtes t\u00f5rjuvamaks.<\/p>\n<p><img loading=\"lazy\" decoding=\"async\" class=\"alignnone size-medium wp-image-9921\" src=\"https:\/\/opt.sneg.ee\/wp-content\/uploads\/2021\/07\/antireflective-chart-300x168.png\" alt=\"\" width=\"300\" height=\"168\" srcset=\"https:\/\/optika.ee\/wp-content\/uploads\/2021\/07\/antireflective-chart-300x168.png 300w, https:\/\/optika.ee\/wp-content\/uploads\/2021\/07\/antireflective-chart-150x84.png 150w, https:\/\/optika.ee\/wp-content\/uploads\/2021\/07\/antireflective-chart.png 571w\" sizes=\"auto, (max-width: 300px) 100vw, 300px\" \/><\/p>\n<p><strong>AJALUGU<\/strong><\/p>\n<p>Valguse interferentsin\u00e4htust \u00e4ra kasutades leiutati esimesed peegeldumisvastased kihid aastal 1935. Nende kihtide leiutaja oli Alexander Smakule, kes t\u00f6\u00f6tas Carl Zeissi optikafirmas. Kuni Teise maailmas\u00f5ja alguseni olid peegeldusvastased kihid Saksamaa s\u00f5jandussaladused. Katharine Burr Blodgett ja Irving Langmuir l\u00f5id esimese orgaanilistest ainetest koosneva peegeldamisvastase katte 1930. aastate l\u00f5pul.<\/p>\n<p><img loading=\"lazy\" decoding=\"async\" class=\"alignnone size-medium wp-image-9922\" src=\"https:\/\/opt.sneg.ee\/wp-content\/uploads\/2021\/07\/lens-coat-glare-660x330-1-300x150.jpg\" alt=\"\" width=\"300\" height=\"150\" srcset=\"https:\/\/optika.ee\/wp-content\/uploads\/2021\/07\/lens-coat-glare-660x330-1-300x150.jpg 300w, https:\/\/optika.ee\/wp-content\/uploads\/2021\/07\/lens-coat-glare-660x330-1-150x75.jpg 150w, https:\/\/optika.ee\/wp-content\/uploads\/2021\/07\/lens-coat-glare-660x330-1.jpg 660w\" sizes=\"auto, (max-width: 300px) 100vw, 300px\" \/><\/p>\n<ul>\n<li>Peegeldusvastane kate aitab v\u00e4hendada prillil\u00e4\u00e4tse pinnal tekkivat ebamugavat ja n\u00e4gemisteravust halvendavat valguse peegeldumisefekti.<\/li>\n<li>Pinnakate sobib eriti h\u00e4sti arvutikasutajatele v\u00f5i pimedal ajalt autoga s\u00f5itmiseks.<\/li>\n<li>AR katted lihtsustavad oluliselt \u00f6ist autojuhtimist v\u00f5i lugemist teatud valgustingimustes.<\/li>\n<li>K\u00f5rgekvaliteediline AR kate koosneb erinevatest kihtidest, mis vastastikusel koostoimel annavad optimaalse efekti.<\/li>\n<\/ul>\n<p><img loading=\"lazy\" decoding=\"async\" class=\"alignnone size-medium wp-image-9923\" src=\"https:\/\/opt.sneg.ee\/wp-content\/uploads\/2021\/07\/lens-crizal-coating-300x196.jpg\" alt=\"\" width=\"300\" height=\"196\" srcset=\"https:\/\/optika.ee\/wp-content\/uploads\/2021\/07\/lens-crizal-coating-300x196.jpg 300w, https:\/\/optika.ee\/wp-content\/uploads\/2021\/07\/lens-crizal-coating-1024x669.jpg 1024w, https:\/\/optika.ee\/wp-content\/uploads\/2021\/07\/lens-crizal-coating-768x502.jpg 768w, https:\/\/optika.ee\/wp-content\/uploads\/2021\/07\/lens-crizal-coating-1200x784.jpg 1200w, https:\/\/optika.ee\/wp-content\/uploads\/2021\/07\/lens-crizal-coating-150x98.jpg 150w, https:\/\/optika.ee\/wp-content\/uploads\/2021\/07\/lens-crizal-coating.jpg 1280w\" sizes=\"auto, (max-width: 300px) 100vw, 300px\" \/><\/p>\n<p><strong>VETT JA MUSTUST H\u00dcLGAV PIND e<\/strong>\u00a0h\u00fcdrofoobne pinnakate aitab v\u00e4hendab prillide liiga sagedast puhastamise vajadust, kuna pinnakate on \u00e4\u00e4rmiselt sile. Superh\u00fcdrofoobne t\u00f6\u00f6tlus annab eriti sileda pealiskihi \u2013 klaasidele ei j\u00e4\u00e4 pidama mustus ega veepiisad. H\u00fcdrofoobse pinnakattega klaasid higistavad tunduvalt v\u00e4hem ning nende puhastamiseks piisab kui kasutada spetsiaalset mikrofiiberlappi. H\u00fcdrofoobset pinnakatet saab t\u00e4iustada super tugeva kattega, mis on sama vastupidav tugevale kriimustamisele nagu mineraall\u00e4\u00e4ts.<\/p>\n<p><strong>DIGIKIIRGUS KAITSEGA KLAASID.<\/strong><\/p>\n<p>T\u00e4nap\u00e4eval kasutame palju erinevaid digiseadmeid, olgu selleks televiisor, arvutiekraan, tahvelarvuti v\u00f5i nutitelefonid, mille sinakas valgus v\u00e4sitab ning tekitab liigseid pingeid silmas. Digikiirgus kaitsega klaasid neutraliseerivad digitaalselt ekraanilt kiirgavat sinakat valgust ning ultraviolett kiirgust, hoides \u00e4ra silmade liigv\u00e4simuse ja pinge. Lisaks sellele v\u00e4hendab klaas ekraani peegeldust ning t\u00e4iustab kontrastsust.<\/p>\n<p><strong>K\u00d5VAPIND.<\/strong><\/p>\n<p>K\u00f5vapind muudab plastikklaasid kriimustustel vastupidavaks.<\/p>","protected":false},"excerpt":{"rendered":"<p>PRILLIKLAASIDE PINNAKATTED Prilliklaaside erinevad pinnakatted on m\u00f5eldud selleks, et suurendada prilliklaaside vastupidavust ning t\u00e4iustada n\u00e4gemist. Erinevad pinnakatted teevad klaaside kasutamise<\/p>\n","protected":false},"featured_media":13643,"template":"","meta":{"inline_featured_image":false},"product_brand":[],"product_cat":[460],"product_tag":[],"class_list":{"0":"post-13642","1":"product","2":"type-product","3":"status-publish","4":"has-post-thumbnail","6":"product_cat-prilliklaasid1","7":"tm-no-options","9":"first","10":"outofstock","11":"taxable","12":"shipping-taxable","13":"purchasable","14":"product-type-simple"},"_links":{"self":[{"href":"https:\/\/optika.ee\/et\/wp-json\/wp\/v2\/product\/13642","targetHints":{"allow":["GET"]}}],"collection":[{"href":"https:\/\/optika.ee\/et\/wp-json\/wp\/v2\/product"}],"about":[{"href":"https:\/\/optika.ee\/et\/wp-json\/wp\/v2\/types\/product"}],"wp:featuredmedia":[{"embeddable":true,"href":"https:\/\/optika.ee\/et\/wp-json\/wp\/v2\/media\/13643"}],"wp:attachment":[{"href":"https:\/\/optika.ee\/et\/wp-json\/wp\/v2\/media?parent=13642"}],"wp:term":[{"taxonomy":"product_brand","embeddable":true,"href":"https:\/\/optika.ee\/et\/wp-json\/wp\/v2\/product_brand?post=13642"},{"taxonomy":"product_cat","embeddable":true,"href":"https:\/\/optika.ee\/et\/wp-json\/wp\/v2\/product_cat?post=13642"},{"taxonomy":"product_tag","embeddable":true,"href":"https:\/\/optika.ee\/et\/wp-json\/wp\/v2\/product_tag?post=13642"}],"curies":[{"name":"wp","href":"https:\/\/api.w.org\/{rel}","templated":true}]}}