{"id":13640,"date":"2022-08-19T14:11:11","date_gmt":"2022-08-19T14:11:11","guid":{"rendered":""},"modified":"2022-08-19T14:11:11","modified_gmt":"2022-08-19T14:11:11","slug":"progresseeruvad-klaasid1","status":"publish","type":"product","link":"https:\/\/optika.ee\/et\/p\/progresseeruvad-klaasid1\/","title":{"rendered":"Progresseeruvad klaasid"},"content":{"rendered":"<p><strong>PROGRESSEERUVAD PRILLIKLAASID<\/strong><\/p>\n<p>Progresseeruvad prilliklaasid on m\u00f5eldud neile prillikandjatele, kes vajavad kaugele, keskdistantsile ja l\u00e4hedale n\u00e4gemiseks erineva tugevusega prille. Kasutades progresseeruvaid prilliklaase ei pea pidevalt erikaugustesse vaatamiseks prille vahetama.<\/p>\n<p>Progresseeruvad prilliklaasid v\u00f5imaldavad kandjal n\u00e4ha selgelt nii kaugele kui ka l\u00e4hedale. Perfektne ja pingevaba fokusseerimine k\u00f5ikidele distantsidele.<\/p>\n<p><img loading=\"lazy\" decoding=\"async\" class=\"size-full wp-image-9924 alignleft\" src=\"https:\/\/opt.sneg.ee\/wp-content\/uploads\/2021\/07\/images.jpg\" alt=\"\" width=\"262\" height=\"192\" srcset=\"https:\/\/optika.ee\/wp-content\/uploads\/2021\/07\/images.jpg 262w, https:\/\/optika.ee\/wp-content\/uploads\/2021\/07\/images-150x110.jpg 150w\" sizes=\"auto, (max-width: 262px) 100vw, 262px\" \/>\u00dclemine tsoon on kaugn\u00e4gemiseks, keskmine tsoon vahekaugustele ja alumine tsoon lugemiskaugusele lihvitud.<\/p>\n<p>Progressiivne prilliklaas on k\u00f5rgtehnoloogiliselt t\u00f6\u00f6deldud prilliklaas, kus l\u00e4\u00e4tse on kohendatud konkreetse inimese jaoks.<img loading=\"lazy\" decoding=\"async\" class=\"size-medium wp-image-9925 alignright\" src=\"https:\/\/opt.sneg.ee\/wp-content\/uploads\/2021\/07\/progr_est-300x192.gif\" alt=\"\" width=\"300\" height=\"192\" srcset=\"https:\/\/optika.ee\/wp-content\/uploads\/2021\/07\/progr_est-300x192.gif 300w, https:\/\/optika.ee\/wp-content\/uploads\/2021\/07\/progr_est-150x96.gif 150w\" sizes=\"auto, (max-width: 300px) 100vw, 300px\" \/><\/p>\n<p>Progresseeruvad prilliklaasid sisaldavad palju erinevaid optilisi tugevusi, mis v\u00f5imaldab \u00fchtede ja samade prillidega n\u00e4ha\u00a0teravalt nii kaugele, keskdistantsile kui l\u00e4hedale.<\/p>\n<p>Progresseeruvad klaasid jaotatakse optilise disaini poolest kolme r\u00fchma: traditsioonilised, kaasaegsed ja individuaalsed.<\/p>\n<p>Mida k\u00f5rgema tehnoloogiaga on prilliklaasid toodetud, seda kergem on uute prillidega harjuda ning laiem ja moonutustevabam teravalt n\u00e4gemise ala.<\/p>\n<p>Progresseeruvaid prilliklaase saab t\u00e4iustada fotokroomse omadusega, toonimisega ning erinevate pinnakatetega.<\/p>\n<p>NB! Progressiivsete prillide retsepti m\u00e4\u00e4ramine ja prillide valmistamine on v\u00e4ga t\u00e4pne t\u00f6\u00f6.\u00a0Prille tellides tuleks prillipoe teenindajale ja optometristile oma vajadustest r\u00e4\u00e4kida ja selgitada, millistes olukordades millist n\u00e4gemisteravust on tarvis. Nii saab valmistada prillid, mis vastavad t\u00e4pselt vajadusele.<\/p>","protected":false},"excerpt":{"rendered":"PROGRESSEERUVAD PRILLIKLAASID Progresseeruvad prilliklaasid on m\u00f5eldud neile prillikandjatele, kes vajavad kaugele, keskdistantsile ja l\u00e4hedale n\u00e4gemiseks erineva tugevusega prille. Kasutades progresseeruvaid","protected":false},"featured_media":13641,"template":"","meta":{"inline_featured_image":false},"product_brand":[],"product_cat":[460],"product_tag":[],"class_list":{"0":"post-13640","1":"product","2":"type-product","3":"status-publish","4":"has-post-thumbnail","6":"product_cat-prilliklaasid1","7":"tm-no-options","9":"first","10":"outofstock","11":"taxable","12":"shipping-taxable","13":"purchasable","14":"product-type-simple"},"_links":{"self":[{"href":"https:\/\/optika.ee\/et\/wp-json\/wp\/v2\/product\/13640","targetHints":{"allow":["GET"]}}],"collection":[{"href":"https:\/\/optika.ee\/et\/wp-json\/wp\/v2\/product"}],"about":[{"href":"https:\/\/optika.ee\/et\/wp-json\/wp\/v2\/types\/product"}],"wp:featuredmedia":[{"embeddable":true,"href":"https:\/\/optika.ee\/et\/wp-json\/wp\/v2\/media\/13641"}],"wp:attachment":[{"href":"https:\/\/optika.ee\/et\/wp-json\/wp\/v2\/media?parent=13640"}],"wp:term":[{"taxonomy":"product_brand","embeddable":true,"href":"https:\/\/optika.ee\/et\/wp-json\/wp\/v2\/product_brand?post=13640"},{"taxonomy":"product_cat","embeddable":true,"href":"https:\/\/optika.ee\/et\/wp-json\/wp\/v2\/product_cat?post=13640"},{"taxonomy":"product_tag","embeddable":true,"href":"https:\/\/optika.ee\/et\/wp-json\/wp\/v2\/product_tag?post=13640"}],"curies":[{"name":"wp","href":"https:\/\/api.w.org\/{rel}","templated":true}]}}