{"id":13638,"date":"2022-08-19T14:11:11","date_gmt":"2022-08-19T14:11:11","guid":{"rendered":""},"modified":"2022-08-19T14:11:11","modified_gmt":"2022-08-19T14:11:11","slug":"tokai-prilliklaasid1","status":"publish","type":"product","link":"https:\/\/optika.ee\/et\/p\/tokai-prilliklaasid1\/","title":{"rendered":"Tokai prilliklaasid"},"content":{"rendered":"<p>Olles tootmisprotsessi arendamise esirinnas, on Tokail lai valik klaasidisaine, pinnakatteid ja j\u00e4relt\u00f6\u00f6tlus v\u00f5tteid klaaside kvaliteedi parandamiseks. Klaasid on jagatud kolme gruppi: sf\u00e4\u00e4rilised ja asf\u00e4\u00e4rilised klaasid; mono- ja multifokaalsed- ning l\u00e4hit\u00f6\u00f6klaasid; uuenduslikud toonklaasid sportimiseks. Toodete valmistamiseks kasutatakse 5 p\u00f5himaterjali: 1.50, 1.60\/42, 1.67, 1.70, 1.76.<\/p>\n<p><strong>1.76 AS<\/strong>, k\u00f5ige \u00f5hem prilliklaas maailmas! Valmistamaks v\u00f5imalikult \u00f5hukest ja kerget klaasi, on Tokai Optical edukalt kombineerinud 1.76 indeksiga materjali ja unikaalse asf\u00e4\u00e4rilise disaini, viies sellesse kategooriasse kuuluvate klaaside nimistu uutesse k\u00f5rgustesse.<\/p>\n<p><strong>1.70 AS\u00a0<\/strong>Materjali, disaini ja sobiva pinnat\u00f6\u00f6tluse l\u00e4bim\u00f5eldud kombineerimine on TOKAI aastatepikkuse uurimist\u00f6\u00f6 tulemus ja ettev\u00f5tte v\u00e4\u00e4ramatu eesm\u00e4rk. Toetudes nendele p\u00f5him\u00f5tetele ja v\u00f5ttes arvesse klientide ootusi, on\u00a0<strong>1.70<\/strong><strong>AS<\/strong>\u00a0klaasimaterjal ja \u2013vorm, mille t\u00e4iuslikkuse ees ei ole mingeid takistusi. Selles tootes on olemas k\u00f5ik \u2013 ideaalne tasakaal optilises toimes, kosmeetiline v\u00e4ljan\u00e4gemine ja kandja mugavus.<\/p>\n<p><strong>1.67<\/strong>\u00a0murdumisn\u00e4itajaga l\u00e4\u00e4ts on\u00a0<strong>\u00f5huke ja kerge<\/strong>, omades mitte ainult head esteetilist v\u00e4limust, vaid ka kasutusmugavust prillikandjale. L\u00e4\u00e4ts on valmistatud uudsest materjalist, mis kindlustab hea l\u00e4bipaistvuse ja\u00a0<strong>pika kasutusea<\/strong>.<\/p>\n<p><strong>1.60\/42<\/strong>\u00a0on erakordselt hea uue p\u00f5lvkonna materjal, millel on v\u00f5rreldes esimese generatsiooni l\u00e4\u00e4tsematerjalidega v\u00e4ga hea murdumisn\u00e4itaja ja Abbe arvu tasakaal.<\/p>\n<p><strong>1.50\u00a0<\/strong>Tokai k\u00f5rgtehnoloogilised meetodid pinnakatete valmistamisel loovad parima nakkuvuse erinevate materjalide vahel ja l\u00e4\u00e4tse suurep\u00e4rase l\u00e4bipaistvuse. Samuti valmib protsessi k\u00e4igus kvaliteetne vett ja \u00f5li h\u00fclgav kriimustumiskindel pinnakate<\/p>","protected":false},"excerpt":{"rendered":"Olles tootmisprotsessi arendamise esirinnas, on Tokail lai valik klaasidisaine, pinnakatteid ja j\u00e4relt\u00f6\u00f6tlus v\u00f5tteid klaaside kvaliteedi parandamiseks. Klaasid on jagatud kolme","protected":false},"featured_media":13639,"template":"","meta":{"inline_featured_image":false},"product_brand":[],"product_cat":[460],"product_tag":[],"class_list":{"0":"post-13638","1":"product","2":"type-product","3":"status-publish","4":"has-post-thumbnail","6":"product_cat-prilliklaasid1","7":"tm-no-options","9":"first","10":"outofstock","11":"taxable","12":"shipping-taxable","13":"purchasable","14":"product-type-simple"},"_links":{"self":[{"href":"https:\/\/optika.ee\/et\/wp-json\/wp\/v2\/product\/13638","targetHints":{"allow":["GET"]}}],"collection":[{"href":"https:\/\/optika.ee\/et\/wp-json\/wp\/v2\/product"}],"about":[{"href":"https:\/\/optika.ee\/et\/wp-json\/wp\/v2\/types\/product"}],"wp:featuredmedia":[{"embeddable":true,"href":"https:\/\/optika.ee\/et\/wp-json\/wp\/v2\/media\/13639"}],"wp:attachment":[{"href":"https:\/\/optika.ee\/et\/wp-json\/wp\/v2\/media?parent=13638"}],"wp:term":[{"taxonomy":"product_brand","embeddable":true,"href":"https:\/\/optika.ee\/et\/wp-json\/wp\/v2\/product_brand?post=13638"},{"taxonomy":"product_cat","embeddable":true,"href":"https:\/\/optika.ee\/et\/wp-json\/wp\/v2\/product_cat?post=13638"},{"taxonomy":"product_tag","embeddable":true,"href":"https:\/\/optika.ee\/et\/wp-json\/wp\/v2\/product_tag?post=13638"}],"curies":[{"name":"wp","href":"https:\/\/api.w.org\/{rel}","templated":true}]}}