{"id":11186,"date":"2022-08-19T14:11:02","date_gmt":"2022-08-19T14:11:02","guid":{"rendered":""},"modified":"2022-08-19T14:11:02","modified_gmt":"2022-08-19T14:11:02","slug":"le-conteur-2183","status":"publish","type":"product","link":"https:\/\/optika.ee\/et\/p\/le-conteur-2183\/","title":{"rendered":"Le Conteur 2183"},"content":{"rendered":"<p class=\"qtranxs-available-languages-message qtranxs-available-languages-message-et\">Vabandame, see kanne on saadaval ainult %LANG : ja %.<\/p>","protected":false},"excerpt":{"rendered":"<p>T\u00e4helepanu! Kaupade sortiment k\u00f5ikides meie poodides on erinev! Pildid on illustratiivsed. Sortiment ei muutu reaalajas ja seega me ei kindlusta, et kodulehel v\u00e4lja toodud prilliraamid on saadaval. Interneti vahendusel ei ole v\u00f5imalik prilliraame osta. Eesti Optik O\u00dc j\u00e4tab endale \u00f5iguse muuta hindu ette teatamata. Soodustus kehtib raamide ja klaaside koosostul!<\/p>\n","protected":false},"featured_media":11187,"template":"","meta":{"inline_featured_image":false},"product_brand":[],"product_cat":[366,365],"product_tag":[],"class_list":{"0":"post-11186","1":"product","2":"type-product","3":"status-publish","4":"has-post-thumbnail","6":"product_cat-naiste-prilliraamid","7":"product_cat-prilliraamid","8":"pa_brand-le-conteur-atvn","9":"tm-no-options","11":"first","12":"outofstock","13":"taxable","14":"shipping-taxable","15":"purchasable","16":"product-type-simple"},"_links":{"self":[{"href":"https:\/\/optika.ee\/et\/wp-json\/wp\/v2\/product\/11186","targetHints":{"allow":["GET"]}}],"collection":[{"href":"https:\/\/optika.ee\/et\/wp-json\/wp\/v2\/product"}],"about":[{"href":"https:\/\/optika.ee\/et\/wp-json\/wp\/v2\/types\/product"}],"wp:featuredmedia":[{"embeddable":true,"href":"https:\/\/optika.ee\/et\/wp-json\/wp\/v2\/media\/11187"}],"wp:attachment":[{"href":"https:\/\/optika.ee\/et\/wp-json\/wp\/v2\/media?parent=11186"}],"wp:term":[{"taxonomy":"product_brand","embeddable":true,"href":"https:\/\/optika.ee\/et\/wp-json\/wp\/v2\/product_brand?post=11186"},{"taxonomy":"product_cat","embeddable":true,"href":"https:\/\/optika.ee\/et\/wp-json\/wp\/v2\/product_cat?post=11186"},{"taxonomy":"product_tag","embeddable":true,"href":"https:\/\/optika.ee\/et\/wp-json\/wp\/v2\/product_tag?post=11186"}],"curies":[{"name":"wp","href":"https:\/\/api.w.org\/{rel}","templated":true}]}}