{"id":10308,"date":"2022-08-19T14:10:58","date_gmt":"2022-08-19T14:10:58","guid":{"rendered":""},"modified":"2022-08-19T14:10:58","modified_gmt":"2022-08-19T14:10:58","slug":"police-409","status":"publish","type":"product","link":"https:\/\/optika.ee\/et\/p\/police-409\/","title":{"rendered":"Police 409"},"content":{"rendered":"","protected":false},"excerpt":{"rendered":"<p>T\u00e4helepanu! Kaupade sortiment k\u00f5ikides meie poodides on erinev! Pildid on illustratiivsed. Sortiment ei muutu reaalajas ja seega me ei kindlusta, et kodulehel v\u00e4lja toodud prilliraamid on saadaval. Interneti vahendusel ei ole v\u00f5imalik p\u00e4ikeseprille osta. Eesti Optik O\u00dc j\u00e4tab endale \u00f5iguse muuta hindu ette teatamata.<\/p>\n","protected":false},"featured_media":10309,"template":"","meta":{"inline_featured_image":false},"product_brand":[],"product_cat":[350],"product_tag":[],"class_list":{"0":"post-10308","1":"product","2":"type-product","3":"status-publish","4":"has-post-thumbnail","6":"product_cat-paikeseprillid","7":"pa_brand-police-atvn","8":"tm-no-options","10":"first","11":"outofstock","12":"taxable","13":"shipping-taxable","14":"purchasable","15":"product-type-simple"},"_links":{"self":[{"href":"https:\/\/optika.ee\/et\/wp-json\/wp\/v2\/product\/10308","targetHints":{"allow":["GET"]}}],"collection":[{"href":"https:\/\/optika.ee\/et\/wp-json\/wp\/v2\/product"}],"about":[{"href":"https:\/\/optika.ee\/et\/wp-json\/wp\/v2\/types\/product"}],"wp:featuredmedia":[{"embeddable":true,"href":"https:\/\/optika.ee\/et\/wp-json\/wp\/v2\/media\/10309"}],"wp:attachment":[{"href":"https:\/\/optika.ee\/et\/wp-json\/wp\/v2\/media?parent=10308"}],"wp:term":[{"taxonomy":"product_brand","embeddable":true,"href":"https:\/\/optika.ee\/et\/wp-json\/wp\/v2\/product_brand?post=10308"},{"taxonomy":"product_cat","embeddable":true,"href":"https:\/\/optika.ee\/et\/wp-json\/wp\/v2\/product_cat?post=10308"},{"taxonomy":"product_tag","embeddable":true,"href":"https:\/\/optika.ee\/et\/wp-json\/wp\/v2\/product_tag?post=10308"}],"curies":[{"name":"wp","href":"https:\/\/api.w.org\/{rel}","templated":true}]}}