{"id":10172,"date":"2022-08-19T14:10:57","date_gmt":"2022-08-19T14:10:57","guid":{"rendered":""},"modified":"2023-02-22T16:37:32","modified_gmt":"2023-02-22T14:37:32","slug":"soflens-daily-disposable-30tk","status":"publish","type":"product","link":"https:\/\/optika.ee\/et\/p\/soflens-daily-disposable-30tk\/","title":{"rendered":"Soflens Daily Disposable 30tk"},"content":{"rendered":"<p>SofLens Daily Disposable \u00fchep\u00e4evaste kontaktl\u00e4\u00e4tsede valmistamisel on kasutatud mustust\/j\u00e4\u00e4kaineid t\u00f5rjuvat materjali ning uudset ComfortMoist tehnoloogiat. ComfortMoist tehnoloogia moodustab l\u00e4\u00e4tse \u00fcmber niiskust ligit\u00f5mbava padjandi, mis omakorda koost\u00f6\u00f6s silma enda pisaravedelikuga v\u00f5imaldab kogu p\u00e4eva kestvat kandmismugavust. V\u00e4ga hea n\u00e4gemisteravus ja kontrastitunnetus t\u00e4nu esipinna eri\u00f6\u00f6tlusele mida on muudetud vastavalt l\u00e4\u00e4tsetugevusele \u2013 v\u00f5imaldab n\u00e4ha detaile ja v\u00e4rve ka v\u00e4hese valgusega oludes.<\/p>\n<p>L\u00e4\u00e4tsedel on:<\/p>\n<p>Kumerus \u2013 BC 8.6<br \/>\nMaterjal: Hilafilcon B<br \/>\nHapniku l\u00e4bilaskev\u00f5ime Dk\/t 24<br \/>\nVeesisaldus 36%<br \/>\nDiameeter 14,2<br \/>\n1-p\u00e4evased l\u00e4\u00e4tsed on hooldusvabad ja need visatakse \u00e4ra peale kasutamist.<\/p>","protected":false},"excerpt":{"rendered":"<p>\u201eBausch &amp; Lomb\u201c \u00fchep\u00e4eva kontaktl\u00e4\u00e4tsed on mugavad kasutada ning annavad v\u00e4ga selge n\u00e4gemise, eriti \u00f6\u00f6sel. Ei mingit puhastamist ja konteineritesse asetamist, kanna neid p\u00e4eva, v\u00f5ta silmast ja viska \u00e4ra!<\/p>\n","protected":false},"featured_media":10173,"template":"","meta":{"inline_featured_image":false},"product_brand":[],"product_cat":[344,345],"product_tag":[],"class_list":{"0":"post-10172","1":"product","2":"type-product","3":"status-publish","4":"has-post-thumbnail","6":"product_cat-kontaktlaatsed","7":"product_cat-uhepaevased","8":"pa_brand-bausch-lomb-atvn","9":"tm-has-options","11":"first","12":"instock","13":"taxable","14":"shipping-taxable","15":"purchasable","16":"product-type-simple"},"_links":{"self":[{"href":"https:\/\/optika.ee\/et\/wp-json\/wp\/v2\/product\/10172","targetHints":{"allow":["GET"]}}],"collection":[{"href":"https:\/\/optika.ee\/et\/wp-json\/wp\/v2\/product"}],"about":[{"href":"https:\/\/optika.ee\/et\/wp-json\/wp\/v2\/types\/product"}],"wp:featuredmedia":[{"embeddable":true,"href":"https:\/\/optika.ee\/et\/wp-json\/wp\/v2\/media\/10173"}],"wp:attachment":[{"href":"https:\/\/optika.ee\/et\/wp-json\/wp\/v2\/media?parent=10172"}],"wp:term":[{"taxonomy":"product_brand","embeddable":true,"href":"https:\/\/optika.ee\/et\/wp-json\/wp\/v2\/product_brand?post=10172"},{"taxonomy":"product_cat","embeddable":true,"href":"https:\/\/optika.ee\/et\/wp-json\/wp\/v2\/product_cat?post=10172"},{"taxonomy":"product_tag","embeddable":true,"href":"https:\/\/optika.ee\/et\/wp-json\/wp\/v2\/product_tag?post=10172"}],"curies":[{"name":"wp","href":"https:\/\/api.w.org\/{rel}","templated":true}]}}