{"id":10170,"date":"2022-08-19T14:10:57","date_gmt":"2022-08-19T14:10:57","guid":{"rendered":""},"modified":"2023-02-22T16:37:01","modified_gmt":"2023-02-22T14:37:01","slug":"soflens-59-6tk","status":"publish","type":"product","link":"https:\/\/optika.ee\/et\/p\/soflens-59-6tk\/","title":{"rendered":"SofLens 59 6tk"},"content":{"rendered":"<p>Soflens 59 on h\u00fcdrogeel kontaktl\u00e4\u00e4ts, mille valmistamisel on kasutatud Hilafilcon B pol\u00fcmeeri, mis takistab deposiitide ladestumist kontaktl\u00e4\u00e4tse pinnale. K\u00f5rge veesisaldusega, mis suurendab hapniku l\u00e4bilaskvust ja mugavust. Mustust ja pisara j\u00e4\u00e4kprodukte t\u00f5rjuv l\u00e4\u00e4tsematerjal. Spetsiaalne servat\u00f6\u00f6tlus (as\u00fcmmeetriline servast teravnev servaprofiil), mist\u00f5ttu on l\u00e4\u00e4tsedega kerge kohaneda.<\/p>\n<p>H\u00fcdrogeelmaterjalist 1-kuused kontaktl\u00e4\u00e4tsed p\u00e4evaseks kandmiseks.<\/p>\n<p>L\u00e4\u00e4tsedel on:<\/p>\n<p>Kumerus \u2013 BC 8.6<br \/>\nMaterjal: Hilafilcon B<br \/>\nHapniku l\u00e4bilaskev\u00f5ime Dk\/t 24<br \/>\nVeesisaldus 55%<br \/>\nDiameeter 14,2<br \/>\nL\u00e4\u00e4tsede kasutusaeg on 1 kuu. L\u00e4\u00e4tsed tuleb igal \u00f5htul silmast eemaldada ja puhastada.<\/p>","protected":false},"excerpt":{"rendered":"<p>V\u00e4ga kvaliteetsed 1-kuulised kontaktl\u00e4\u00e4tsed firmalt Bausch&amp;Lomb! Kasutajate poolt kiidetud SofLens 59 kontaktl\u00e4\u00e4tse on mugav kanda, kuna l\u00e4\u00e4tse serva disain on muudetud kitsenevaks, mist\u00f5ttu l\u00e4\u00e4ts seisab pilgutamisel paremini paigal.<\/p>\n","protected":false},"featured_media":10171,"template":"","meta":{"inline_featured_image":false},"product_brand":[],"product_cat":[347,344],"product_tag":[],"class_list":{"0":"post-10170","1":"product","2":"type-product","3":"status-publish","4":"has-post-thumbnail","6":"product_cat-2-4-nadalat","7":"product_cat-kontaktlaatsed","8":"pa_brand-bausch-lomb-atvn","9":"tm-has-options","11":"first","12":"instock","13":"taxable","14":"shipping-taxable","15":"purchasable","16":"product-type-simple"},"_links":{"self":[{"href":"https:\/\/optika.ee\/et\/wp-json\/wp\/v2\/product\/10170","targetHints":{"allow":["GET"]}}],"collection":[{"href":"https:\/\/optika.ee\/et\/wp-json\/wp\/v2\/product"}],"about":[{"href":"https:\/\/optika.ee\/et\/wp-json\/wp\/v2\/types\/product"}],"wp:featuredmedia":[{"embeddable":true,"href":"https:\/\/optika.ee\/et\/wp-json\/wp\/v2\/media\/10171"}],"wp:attachment":[{"href":"https:\/\/optika.ee\/et\/wp-json\/wp\/v2\/media?parent=10170"}],"wp:term":[{"taxonomy":"product_brand","embeddable":true,"href":"https:\/\/optika.ee\/et\/wp-json\/wp\/v2\/product_brand?post=10170"},{"taxonomy":"product_cat","embeddable":true,"href":"https:\/\/optika.ee\/et\/wp-json\/wp\/v2\/product_cat?post=10170"},{"taxonomy":"product_tag","embeddable":true,"href":"https:\/\/optika.ee\/et\/wp-json\/wp\/v2\/product_tag?post=10170"}],"curies":[{"name":"wp","href":"https:\/\/api.w.org\/{rel}","templated":true}]}}