{"id":10164,"date":"2022-08-19T14:10:57","date_gmt":"2022-08-19T14:10:57","guid":{"rendered":""},"modified":"2022-08-19T14:10:57","modified_gmt":"2022-08-19T14:10:57","slug":"menicon-premio-hydrogel-6tk","status":"publish","type":"product","link":"https:\/\/optika.ee\/et\/p\/menicon-premio-hydrogel-6tk\/","title":{"rendered":"Menicon Premio Hydrogel 6TK"},"content":{"rendered":"<p>MENICON PremiO l\u00e4\u00e4tsed on Jaapani teaduse vili. Nad toovad kasutaja silmale maksimaalselt hapnikku t\u00e4nu viimase p\u00f5lvkonna ultra l\u00e4bilaskvale materjalile: silikoonh\u00fcdrogeel.<\/p>\n<p>See t\u00e4hendab rohkem mugavust:<\/p>\n<p>Terve p\u00e4eva v\u00e4ltel.<br \/>\nArvutit kasutades, televiisorit vaadates, jne.<br \/>\nKonditsioneeritud \u00f5huga keskkonnas.<br \/>\nHilja \u00f5htul.<br \/>\nMenicon PremiO l\u00e4\u00e4tsesid on nii pluss kui ka miinus tugevusega. Kontaktl\u00e4\u00e4tsesid tuleb vahetada iga 2 n\u00e4dala tagant.<\/p>\n<p>Antud l\u00e4\u00e4tsed tagavad suurep\u00e4rase n\u00e4gemis kvaliteedi, juba esimeses kandmis hetkest, t\u00e4nu niisutavale vee s\u00e4ilitamis ainele: menisilk.<\/p>\n<p>Kandmise aeg &#8211; 2 n\u00e4dalat!<\/p>","protected":false},"excerpt":{"rendered":"<p>Menicon PremiO l\u00e4\u00e4tsesid on nii pluss kui ka miinus tugevusega. Kontaktl\u00e4\u00e4tsesid tuleb vahetada iga 2 n\u00e4dala tagant.<\/p>\n","protected":false},"featured_media":10165,"template":"","meta":{"inline_featured_image":false},"product_brand":[],"product_cat":[347,344],"product_tag":[],"class_list":{"0":"post-10164","1":"product","2":"type-product","3":"status-publish","4":"has-post-thumbnail","6":"product_cat-2-4-nadalat","7":"product_cat-kontaktlaatsed","8":"pa_brand-alcon-atvn","9":"tm-has-options","11":"first","12":"instock","13":"taxable","14":"shipping-taxable","15":"purchasable","16":"product-type-simple"},"_links":{"self":[{"href":"https:\/\/optika.ee\/et\/wp-json\/wp\/v2\/product\/10164","targetHints":{"allow":["GET"]}}],"collection":[{"href":"https:\/\/optika.ee\/et\/wp-json\/wp\/v2\/product"}],"about":[{"href":"https:\/\/optika.ee\/et\/wp-json\/wp\/v2\/types\/product"}],"wp:featuredmedia":[{"embeddable":true,"href":"https:\/\/optika.ee\/et\/wp-json\/wp\/v2\/media\/10165"}],"wp:attachment":[{"href":"https:\/\/optika.ee\/et\/wp-json\/wp\/v2\/media?parent=10164"}],"wp:term":[{"taxonomy":"product_brand","embeddable":true,"href":"https:\/\/optika.ee\/et\/wp-json\/wp\/v2\/product_brand?post=10164"},{"taxonomy":"product_cat","embeddable":true,"href":"https:\/\/optika.ee\/et\/wp-json\/wp\/v2\/product_cat?post=10164"},{"taxonomy":"product_tag","embeddable":true,"href":"https:\/\/optika.ee\/et\/wp-json\/wp\/v2\/product_tag?post=10164"}],"curies":[{"name":"wp","href":"https:\/\/api.w.org\/{rel}","templated":true}]}}