{"id":10150,"date":"2022-08-19T14:10:57","date_gmt":"2022-08-19T14:10:57","guid":{"rendered":""},"modified":"2022-08-19T14:10:57","modified_gmt":"2022-08-19T14:10:57","slug":"dailies-total-1-30tk","status":"publish","type":"product","link":"https:\/\/optika.ee\/et\/p\/dailies-total-1-30tk\/","title":{"rendered":"Dailies Total 1 30tk"},"content":{"rendered":"<p>Dailies Total \u2013 2014. a. parimad kontaktl\u00e4\u00e4tsed Total 1 l\u00e4\u00e4tsed on ainulaadsed seet\u00f5ttu, et l\u00e4\u00e4tse keskosas on veesisaldus 33% (omane silikoonh\u00fcdrogeelmaterjalile), et hapnik p\u00e4\u00e4seks l\u00e4\u00e4tses h\u00e4sti silmani. Kontaktl\u00e4\u00e4tsede pinnal on veesisaldus \u00fcle 80% \u2013 nii on tagatud \u00fclipehmed ja mugavad l\u00e4\u00e4tsed kogu p\u00e4eva v\u00e4ltel.<\/p>\n<p>Tegemist on hetkel k\u00f5ige parema hapniku l\u00e4bikanduvusega 1-p\u00e4evaste kontaktl\u00e4\u00e4tsedega. 1-p\u00e4evased l\u00e4\u00e4tsed on hooldusvabad ja need visatakse \u00e4ra peale kasutamist.<\/p>\n<p>L\u00e4\u00e4tsedel on:<\/p>\n<p>Materjal Delefilcon A (silikoonh\u00fcdrogeel)<br \/>\nL\u00e4\u00e4tse veesisaldus 33% (l\u00e4\u00e4tse pinnal 80%)<br \/>\nHapniku l\u00e4bikanduvus Dk\/t 156<br \/>\nTugevus -0,50 kuni -10,00<br \/>\nProbleemide v\u00e4ltimiseks k\u00fcsi l\u00e4\u00e4tsede kasutusjuhendit optometristilt v\u00f5i silmaarstilt ja palu neil selgitada l\u00e4\u00e4tsede \u00f5iget kandmisre\u017eiimi.<\/p>","protected":false},"excerpt":{"rendered":"<p>Uue ajastu \u00fchep\u00e4evased silikoonh\u00fcdrogeell\u00e4\u00e4tsed Ciba Visionilt\/Alconilt. DAILIES TOTAL 1 l\u00e4\u00e4tsed on veesisalduse poolest ainulaadsed ja erakordselt hingavad.<\/p>\n","protected":false},"featured_media":10151,"template":"","meta":{"inline_featured_image":false},"product_brand":[],"product_cat":[344,345],"product_tag":[],"class_list":{"0":"post-10150","1":"product","2":"type-product","3":"status-publish","4":"has-post-thumbnail","6":"product_cat-kontaktlaatsed","7":"product_cat-uhepaevased","8":"pa_brand-alcon-atvn","9":"tm-has-options","11":"first","12":"instock","13":"taxable","14":"shipping-taxable","15":"purchasable","16":"product-type-simple"},"_links":{"self":[{"href":"https:\/\/optika.ee\/et\/wp-json\/wp\/v2\/product\/10150","targetHints":{"allow":["GET"]}}],"collection":[{"href":"https:\/\/optika.ee\/et\/wp-json\/wp\/v2\/product"}],"about":[{"href":"https:\/\/optika.ee\/et\/wp-json\/wp\/v2\/types\/product"}],"wp:featuredmedia":[{"embeddable":true,"href":"https:\/\/optika.ee\/et\/wp-json\/wp\/v2\/media\/10151"}],"wp:attachment":[{"href":"https:\/\/optika.ee\/et\/wp-json\/wp\/v2\/media?parent=10150"}],"wp:term":[{"taxonomy":"product_brand","embeddable":true,"href":"https:\/\/optika.ee\/et\/wp-json\/wp\/v2\/product_brand?post=10150"},{"taxonomy":"product_cat","embeddable":true,"href":"https:\/\/optika.ee\/et\/wp-json\/wp\/v2\/product_cat?post=10150"},{"taxonomy":"product_tag","embeddable":true,"href":"https:\/\/optika.ee\/et\/wp-json\/wp\/v2\/product_tag?post=10150"}],"curies":[{"name":"wp","href":"https:\/\/api.w.org\/{rel}","templated":true}]}}