{"id":10146,"date":"2022-08-19T14:10:57","date_gmt":"2022-08-19T14:10:57","guid":{"rendered":""},"modified":"2022-08-19T14:10:57","modified_gmt":"2022-08-19T14:10:57","slug":"dailies-aqua-comfort-plus-30tk","status":"publish","type":"product","link":"https:\/\/optika.ee\/et\/p\/dailies-aqua-comfort-plus-30tk\/","title":{"rendered":"Dailies Aqua Comfort Plus 30tk"},"content":{"rendered":"<p class=\"qtranxs-available-languages-message qtranxs-available-languages-message-et\">Vabandame, see kanne on saadaval ainult %LANG : ja %.<\/p>","protected":false},"excerpt":{"rendered":"<p>DAILIES Aqua Comfort Plus &#8211; v\u00e4ga t\u00f5husa niisutusv\u00f5imega kvaliteetsed 1-p\u00e4evased kontaktl\u00e4\u00e4tsed. Sobivad ideaalselt nii regulaarseks kui ka ebaregulaarseks (treening, t\u00f6\u00f6, hobid) kasutamiseks.<\/p>\n","protected":false},"featured_media":10147,"template":"","meta":{"inline_featured_image":false},"product_brand":[],"product_cat":[344,345],"product_tag":[],"class_list":{"0":"post-10146","1":"product","2":"type-product","3":"status-publish","4":"has-post-thumbnail","6":"product_cat-kontaktlaatsed","7":"product_cat-uhepaevased","8":"pa_brand-alcon-atvn","9":"tm-has-options","11":"first","12":"instock","13":"taxable","14":"shipping-taxable","15":"purchasable","16":"product-type-simple"},"_links":{"self":[{"href":"https:\/\/optika.ee\/et\/wp-json\/wp\/v2\/product\/10146","targetHints":{"allow":["GET"]}}],"collection":[{"href":"https:\/\/optika.ee\/et\/wp-json\/wp\/v2\/product"}],"about":[{"href":"https:\/\/optika.ee\/et\/wp-json\/wp\/v2\/types\/product"}],"wp:featuredmedia":[{"embeddable":true,"href":"https:\/\/optika.ee\/et\/wp-json\/wp\/v2\/media\/10147"}],"wp:attachment":[{"href":"https:\/\/optika.ee\/et\/wp-json\/wp\/v2\/media?parent=10146"}],"wp:term":[{"taxonomy":"product_brand","embeddable":true,"href":"https:\/\/optika.ee\/et\/wp-json\/wp\/v2\/product_brand?post=10146"},{"taxonomy":"product_cat","embeddable":true,"href":"https:\/\/optika.ee\/et\/wp-json\/wp\/v2\/product_cat?post=10146"},{"taxonomy":"product_tag","embeddable":true,"href":"https:\/\/optika.ee\/et\/wp-json\/wp\/v2\/product_tag?post=10146"}],"curies":[{"name":"wp","href":"https:\/\/api.w.org\/{rel}","templated":true}]}}