{"id":10142,"date":"2022-08-19T14:10:57","date_gmt":"2022-08-19T14:10:57","guid":{"rendered":""},"modified":"2022-08-19T14:10:57","modified_gmt":"2022-08-19T14:10:57","slug":"air-optix-plus-hydraglyde-3tk-karbis","status":"publish","type":"product","link":"https:\/\/optika.ee\/et\/p\/air-optix-plus-hydraglyde-3tk-karbis\/","title":{"rendered":"Air Optix plus HydraGlyde 3tk karbis"},"content":{"rendered":"<p>Air Optix plus HydraGlyde on viimase p\u00f5lvkonna silikoon-h\u00fcdrogeelist, \u00f5hku l\u00e4bilaskvad ja niiskust s\u00e4ilitavad kontaktl\u00e4\u00e4tsed firmalt Alcon. See on uus parendatud versioon l\u00e4\u00e4tsedest Air Optix Aqua, kus on 5 korda rohkem hapniku sisaldust kui eelmisel versioonil. Tegemist on kuuajaste l\u00e4\u00e4tsedega, mille maksimaalne kandmisaeg on j\u00e4rjest silmas 6 \u00f6\u00f6p\u00e4eva ja selle j\u00e4rel \u00fcks puhkep\u00e4ev. <\/p>\n<p>Moisture Matrix tehnoloogia<\/p>\n<p>Moisture Matrix tehnoloogia s\u00e4ilitab silma niiskust terve p\u00e4eva jooksul.<\/p>\n<p>SmartShield tehnoloogia<\/p>\n<p>SmartShield tehnoloogia reguleerib niiskust, v\u00e4hendab lipiidide arvu ja aitab s\u00e4ilitada neid puhas.<\/p>","protected":false},"excerpt":{"rendered":"<p>Air Optix plus HydraGlyde on viimase p\u00f5lvkonna silikoon-h\u00fcdrogeelist, \u00f5hku l\u00e4bilaskvad ja niiskust s\u00e4ilitavad kontaktl\u00e4\u00e4tsed firmalt Alcon. See on uus parendatud versioon l\u00e4\u00e4tsedest Air Optix Aqua. Tegemist on kuuajaste l\u00e4\u00e4tsedega, mille maksimaalne kandmisaeg on j\u00e4rjest silmas 6 \u00f6\u00f6p\u00e4eva ja selle j\u00e4rel \u00fcks puhkep\u00e4ev.<\/p>\n","protected":false},"featured_media":10143,"template":"","meta":{"inline_featured_image":false},"product_brand":[],"product_cat":[347,344],"product_tag":[],"class_list":{"0":"post-10142","1":"product","2":"type-product","3":"status-publish","4":"has-post-thumbnail","6":"product_cat-2-4-nadalat","7":"product_cat-kontaktlaatsed","8":"pa_brand-alcon-atvn","9":"tm-has-options","11":"first","12":"instock","13":"taxable","14":"shipping-taxable","15":"purchasable","16":"product-type-simple"},"_links":{"self":[{"href":"https:\/\/optika.ee\/et\/wp-json\/wp\/v2\/product\/10142","targetHints":{"allow":["GET"]}}],"collection":[{"href":"https:\/\/optika.ee\/et\/wp-json\/wp\/v2\/product"}],"about":[{"href":"https:\/\/optika.ee\/et\/wp-json\/wp\/v2\/types\/product"}],"wp:featuredmedia":[{"embeddable":true,"href":"https:\/\/optika.ee\/et\/wp-json\/wp\/v2\/media\/10143"}],"wp:attachment":[{"href":"https:\/\/optika.ee\/et\/wp-json\/wp\/v2\/media?parent=10142"}],"wp:term":[{"taxonomy":"product_brand","embeddable":true,"href":"https:\/\/optika.ee\/et\/wp-json\/wp\/v2\/product_brand?post=10142"},{"taxonomy":"product_cat","embeddable":true,"href":"https:\/\/optika.ee\/et\/wp-json\/wp\/v2\/product_cat?post=10142"},{"taxonomy":"product_tag","embeddable":true,"href":"https:\/\/optika.ee\/et\/wp-json\/wp\/v2\/product_tag?post=10142"}],"curies":[{"name":"wp","href":"https:\/\/api.w.org\/{rel}","templated":true}]}}