{"id":10140,"date":"2022-08-19T14:10:57","date_gmt":"2022-08-19T14:10:57","guid":{"rendered":""},"modified":"2024-08-09T09:42:12","modified_gmt":"2024-08-09T07:42:12","slug":"air-optix-night-day-6tk","status":"publish","type":"product","link":"https:\/\/optika.ee\/et\/p\/air-optix-night-day-6tk\/","title":{"rendered":"Air Optix Night Day 6tk"},"content":{"rendered":"<p>AirOptix Night&amp;Day silkoonh\u00fcdrogeelist 1-kuulised kontaktl\u00e4\u00e4tsed sobivad nii p\u00e4evaseks kui ka \u00f6\u00f6p\u00e4evaringseks kandmiseks. Air Optix Night &amp; Day kontaktl\u00e4\u00e4tsed juhivad sarvkestale kuni 6 korda rohkem hapnikku, kui tavalised kontaktl\u00e4\u00e4tsed. T\u00e4nu plasmat\u00f6\u00f6tlusele on neil l\u00e4\u00e4tsedel suurep\u00e4rane niisutus ja vastupidavus proteiini ladestumisele. Veesisaldus k\u00f5igest 24%, mis ei lase l\u00e4\u00e4tses olevas veel aurustuda ning seet\u00f5ttu kuivsustunne tekib harva.<\/p>\n<p>Kuna l\u00e4\u00e4tsed on bi-sf\u00e4\u00e4rilised (nii esi- kui tagapind on asf\u00e4\u00e4rilised), siis on n\u00e4gemine t\u00e4iesti moonutustevaba.<\/p>\n<p>L\u00e4\u00e4tsede \u201cinside-out\u201d m\u00e4rgistus aitab neid \u00f5igetpidi silma panna.<\/p>\n<p>AirOptix Night&amp;Day l\u00e4\u00e4tsedel on:<\/p>\n<p>Materjal Lotrafilcon A (silikoonh\u00fcdrogeel).<br \/>\nL\u00e4\u00e4tse veesisaldus 24%<br \/>\nHapniku l\u00e4bikanduvusindeks Dk\/t 175<br \/>\nL\u00e4\u00e4tsi v\u00f5ib kasutada p\u00e4evaste l\u00e4\u00e4tsedena v\u00f5i \u00f6\u00f6p\u00e4eval\u00e4\u00e4tsedena 30 \u00f6\u00f6p\u00e4eva j\u00e4rjest.<\/p>\n<p>Probleemide v\u00e4ltimiseks k\u00fcsi l\u00e4\u00e4tsede kasutusjuhendit optometristilt v\u00f5i silmaarstilt ja palu neil selgitada l\u00e4\u00e4tsede \u00f5iget kandmisre\u017eiimi.<\/p>","protected":false},"excerpt":{"rendered":"<p>AirOptix Night&amp;Day silkoonh\u00fcdrogeelist kontaktl\u00e4\u00e4tsesid v\u00f5ib kasutada p\u00e4evaste l\u00e4\u00e4tsedena v\u00f5i \u00f6\u00f6p\u00e4eval\u00e4\u00e4tsedena 30 \u00f6\u00f6p\u00e4eva j\u00e4rjest. \u00dclihea hapniku l\u00e4bikanduvusv\u00f5ime ja Aqua Moisture niisutuss\u00fcsteemiga materjal tagab hea kandmismugavuse.<\/p>\n","protected":false},"featured_media":10141,"template":"","meta":{"inline_featured_image":false},"product_brand":[],"product_cat":[347,344],"product_tag":[],"class_list":{"0":"post-10140","1":"product","2":"type-product","3":"status-publish","4":"has-post-thumbnail","6":"product_cat-2-4-nadalat","7":"product_cat-kontaktlaatsed","8":"pa_brand-alcon-atvn","9":"tm-has-options","11":"first","12":"instock","13":"taxable","14":"shipping-taxable","15":"purchasable","16":"product-type-simple"},"_links":{"self":[{"href":"https:\/\/optika.ee\/et\/wp-json\/wp\/v2\/product\/10140","targetHints":{"allow":["GET"]}}],"collection":[{"href":"https:\/\/optika.ee\/et\/wp-json\/wp\/v2\/product"}],"about":[{"href":"https:\/\/optika.ee\/et\/wp-json\/wp\/v2\/types\/product"}],"wp:featuredmedia":[{"embeddable":true,"href":"https:\/\/optika.ee\/et\/wp-json\/wp\/v2\/media\/10141"}],"wp:attachment":[{"href":"https:\/\/optika.ee\/et\/wp-json\/wp\/v2\/media?parent=10140"}],"wp:term":[{"taxonomy":"product_brand","embeddable":true,"href":"https:\/\/optika.ee\/et\/wp-json\/wp\/v2\/product_brand?post=10140"},{"taxonomy":"product_cat","embeddable":true,"href":"https:\/\/optika.ee\/et\/wp-json\/wp\/v2\/product_cat?post=10140"},{"taxonomy":"product_tag","embeddable":true,"href":"https:\/\/optika.ee\/et\/wp-json\/wp\/v2\/product_tag?post=10140"}],"curies":[{"name":"wp","href":"https:\/\/api.w.org\/{rel}","templated":true}]}}