{"id":10130,"date":"2022-08-19T14:10:57","date_gmt":"2022-08-19T14:10:57","guid":{"rendered":""},"modified":"2023-02-22T16:32:07","modified_gmt":"2023-02-22T14:32:07","slug":"air-optix-for-astigmatism-3tk","status":"publish","type":"product","link":"https:\/\/optika.ee\/et\/p\/air-optix-for-astigmatism-3tk\/","title":{"rendered":"Air Optix for Astigmatism 3tk"},"content":{"rendered":"<p>AIR OPTIX for ASTIGMATISM \u2013 astigmatismi korrigeerivad kontaktl\u00e4\u00e4tsed lasevad l\u00e4bi isegi 7 korda rohkem hapnikku kui populaarseimad kontaktl\u00e4\u00e4tsed, mis kaitsevad kasutajate silmi hapnikupuuduse ja sellega kaasnevate negatiivsete tagaj\u00e4rgede eest.<\/p>\n<p>AIR OPTIX for ASTIGMATISM l\u00e4\u00e4tsedel on uus Precision Balance stabiilsuss\u00fcsteem. Isegi 95% kasutajatele sobisid l\u00e4\u00e4tsed h\u00e4sti juba esimesel korral. Lai optiline tsoon annab suurep\u00e4rase n\u00e4gemisteravuse.<\/p>\n<p>AirOptix for Astigmatism l\u00e4\u00e4tsede pinnal on kasutatud plasmat\u00f6\u00f6tlust, mis hoiab l\u00e4\u00e4tsepinna puhtana ja niiskena ning v\u00e4ldib proteiinide ja deposiitide ladestumist l\u00e4\u00e4tse pinnale. Uus Precision Balance stabiilsuss\u00fcsteem ning lai optiline tsoon annavad hea n\u00e4gemisteravuse ja silmas \u201cistuvuse\u201d.<\/p>\n<p>AirOptix for Astigmatism l\u00e4\u00e4tsi v\u00f5ib kasutada p\u00e4evaste l\u00e4\u00e4tsedena 1 kuu jooksul v\u00f5i \u00f6\u00f6p\u00e4eval\u00e4\u00e4tsedena maksimaalselt 6 \u00f6\u00f6p\u00e4eva j\u00e4rjest. L\u00e4\u00e4tsede kasutusaeg ja kandmisreziim on individuaalsed. J\u00e4rgi l\u00e4\u00e4tsede kasutamisel optometristi v\u00f5i silmaarsti soovitusi.<\/p>\n<p>L\u00e4\u00e4tsedel on:<\/p>\n<p>veesisaldus 33%<br \/>\nhapniku l\u00e4bikanduvusindeks Dk\/t 108<br \/>\nmaterjal: lotrafilcon B (silikoonh\u00fcdrogeel)<br \/>\nTugevuse skaala +6.00 kuni -10.00<br \/>\nAxis ehk telg: 0-180 (10 kraadise sammuga)<br \/>\nCYL ehk silinder -0.75; -1.25; -1.75; -2.25<br \/>\nProbleemide v\u00e4ltimiseks k\u00fcsi l\u00e4\u00e4tsede kasutusjuhendit optometristilt v\u00f5i silmaarstilt ja palu neil selgitada l\u00e4\u00e4tsede \u00f5iget kandmisreziimi.<\/p>","protected":false},"excerpt":{"rendered":"<p>AirOptix for Astigmatism silikoonh\u00fcdrogeelist 1-kuulised toorilised kontaktl\u00e4\u00e4tsed sobivad nii p\u00e4evaseks kui ka \u00f6\u00f6p\u00e4evaringseks kandmiseks astigmaatilise korrektsiooni vajaduse puhul. Precision Balance (\u00abainulaadne tasakaal\u00bb) 8\/4 disain tagab ainulaadse stabiilsuse ja optimaalse l\u00e4\u00e4tse asendi.<\/p>\n","protected":false},"featured_media":10131,"template":"","meta":{"inline_featured_image":false},"product_brand":[],"product_cat":[347,344],"product_tag":[],"class_list":{"0":"post-10130","1":"product","2":"type-product","3":"status-publish","4":"has-post-thumbnail","6":"product_cat-2-4-nadalat","7":"product_cat-kontaktlaatsed","8":"pa_brand-alcon-atvn","9":"tm-has-options","11":"first","12":"instock","13":"taxable","14":"shipping-taxable","15":"purchasable","16":"product-type-simple"},"_links":{"self":[{"href":"https:\/\/optika.ee\/et\/wp-json\/wp\/v2\/product\/10130","targetHints":{"allow":["GET"]}}],"collection":[{"href":"https:\/\/optika.ee\/et\/wp-json\/wp\/v2\/product"}],"about":[{"href":"https:\/\/optika.ee\/et\/wp-json\/wp\/v2\/types\/product"}],"wp:featuredmedia":[{"embeddable":true,"href":"https:\/\/optika.ee\/et\/wp-json\/wp\/v2\/media\/10131"}],"wp:attachment":[{"href":"https:\/\/optika.ee\/et\/wp-json\/wp\/v2\/media?parent=10130"}],"wp:term":[{"taxonomy":"product_brand","embeddable":true,"href":"https:\/\/optika.ee\/et\/wp-json\/wp\/v2\/product_brand?post=10130"},{"taxonomy":"product_cat","embeddable":true,"href":"https:\/\/optika.ee\/et\/wp-json\/wp\/v2\/product_cat?post=10130"},{"taxonomy":"product_tag","embeddable":true,"href":"https:\/\/optika.ee\/et\/wp-json\/wp\/v2\/product_tag?post=10130"}],"curies":[{"name":"wp","href":"https:\/\/api.w.org\/{rel}","templated":true}]}}