{"id":10128,"date":"2022-08-19T14:10:57","date_gmt":"2022-08-19T14:10:57","guid":{"rendered":""},"modified":"2024-08-09T09:37:38","modified_gmt":"2024-08-09T07:37:38","slug":"air-optix-colors-2tk","status":"publish","type":"product","link":"https:\/\/optika.ee\/et\/p\/air-optix-colors-2tk\/","title":{"rendered":"Air Optix Colors 2tk"},"content":{"rendered":"<p>AirOptix Colors 1-kuulised silikoonh\u00fcdrogeelist v\u00e4rvilised kontaktl\u00e4\u00e4tsedel on loomulikud v\u00e4rvitoonid, mis kuuluvad FreshLook\u00ae 3-in-1 v\u00e4rviliste l\u00e4\u00e4tsede tehnoloogia alla. V\u00e4rv on kantud silikoonh\u00fcdrogeelsele l\u00e4\u00e4tse materjalile, tagades sel moel v\u00e4rvide sulandumise silma loomuliku v\u00e4rvitooniga. AirOptix Colors v\u00e4rviliste l\u00e4\u00e4tsede valmistamisel on kasutatud populaarsete AirOptix Aqua taval\u00e4\u00e4tsede platvormi. L\u00e4\u00e4tse diameeter on v\u00e4iksem (teistel v\u00e4rvilistel kontaktl\u00e4\u00e4tsedel on suurem diameeter) ja seet\u00f5ttu on nende l\u00e4\u00e4tsede kandmine tunduvalt mugavam v\u00f5rreldes teiste l\u00e4\u00e4tsedega \u2013 l\u00e4\u00e4ts liigub silmas v\u00e4hem. L\u00e4\u00e4tsed sobivad nii l\u00fchin\u00e4gelikkuse korrigeerimiseks kui ka lihtsalt loomuliku silmav\u00e4rvi muutmiseks ilma l\u00e4\u00e4tse tugevuseta.<\/p>\n<p>V\u00f5imalik on valida \u00fcheksa erineva AIR OPTIX\u00ae COLORS kontaktl\u00e4\u00e4tse v\u00e4rvitooni vahel, mis muudavad loomuliku silmav\u00e4rvi s\u00e4ravamaks. Samuti sobivad l\u00e4\u00e4tsed kandmiseks ka tumedatele silmadele. Toonide l\u00f5pptulemused s\u00f5ltuvad oma silmav\u00e4rvist.<\/p>\n<p>L\u00e4\u00e4tsedel on:<\/p>\n<p>Materjal Lotrafilcon B (silikoonh\u00fcdrogeel)<br \/>\nL\u00e4\u00e4tse veesisaldusega 33%<br \/>\nAsf\u00e4\u00e4riline disain<br \/>\nHapniku l\u00e4bikanduvus (Dk\/t): 138<br \/>\nV\u00e4rvitoonid &#8211; Pure Hazel, Brown, Honey, Green, Gray, Blue, Brilliant Blue, Gemstone Green, Sterling Gray<br \/>\nPupilliava suurus on ca 6,5mm<br \/>\nT\u00e4helepanu! V\u00e4rviliste kontaktl\u00e4\u00e4tsede v\u00e4rvikiht v\u00f5ib teatud juhtudel katta silmaava osa, seep\u00e4rast v\u00f5ib n\u00e4gemisv\u00e4li olla piiratud, varjutatud, jne. See on normaalne ja tavaline seisund kontaktl\u00e4\u00e4tsede kandmise alguses. Enamasti silmad kohanevad niisuguse piiratusega, kuid on ka erandeid. Viimasel juhul ei soovitata v\u00e4rvilisi kontaktl\u00e4\u00e4tsesid kanda. Silmade l\u00f5ppv\u00e4rv v\u00e4rviliste l\u00e4\u00e4tsedega v\u00f5ib erineda piltidel n\u00e4idatud v\u00e4rvidest ja s\u00f5ltuda \u00fcldisest Sinu silmade ning l\u00e4\u00e4tsede v\u00e4rvide kombinatsioonist. L\u00e4\u00e4tsede kasutusaeg ja kandmisre\u017eiim on individuaalne. L\u00e4\u00e4tsede kandmisel j\u00e4rgi optometristi v\u00f5i silmaarsti soovitusi.<\/p>","protected":false},"excerpt":{"rendered":"<p>AIR OPTIX\u00ae COLORS on silikoonh\u00fcdrogeelsest materjalist valmistatud v\u00e4rvilised kontaktl\u00e4\u00e4tsed, millel on erakordselt k\u00f5rge hapniku l\u00e4bilaskev\u00f5ime (6 x suurem kui teistel tuntud v\u00e4rvilistel l\u00e4\u00e4tsedel). L\u00e4\u00e4tsede k\u00f5rge hapniku l\u00e4bilaskev\u00f5ime annab silmadele erakordse mugavustunde pikaks ajaks \u2013 silmad ei puneta ja n\u00e4evad v\u00e4lja terved isegi p\u00e4eva l\u00f5pus.<\/p>\n","protected":false},"featured_media":10129,"template":"","meta":{"inline_featured_image":false},"product_brand":[],"product_cat":[344,451],"product_tag":[],"class_list":{"0":"post-10128","1":"product","2":"type-product","3":"status-publish","4":"has-post-thumbnail","6":"product_cat-kontaktlaatsed","7":"product_cat-varvilised","8":"pa_brand-alcon-atvn","9":"tm-has-options","11":"first","12":"instock","13":"taxable","14":"shipping-taxable","15":"purchasable","16":"product-type-simple"},"_links":{"self":[{"href":"https:\/\/optika.ee\/et\/wp-json\/wp\/v2\/product\/10128","targetHints":{"allow":["GET"]}}],"collection":[{"href":"https:\/\/optika.ee\/et\/wp-json\/wp\/v2\/product"}],"about":[{"href":"https:\/\/optika.ee\/et\/wp-json\/wp\/v2\/types\/product"}],"wp:featuredmedia":[{"embeddable":true,"href":"https:\/\/optika.ee\/et\/wp-json\/wp\/v2\/media\/10129"}],"wp:attachment":[{"href":"https:\/\/optika.ee\/et\/wp-json\/wp\/v2\/media?parent=10128"}],"wp:term":[{"taxonomy":"product_brand","embeddable":true,"href":"https:\/\/optika.ee\/et\/wp-json\/wp\/v2\/product_brand?post=10128"},{"taxonomy":"product_cat","embeddable":true,"href":"https:\/\/optika.ee\/et\/wp-json\/wp\/v2\/product_cat?post=10128"},{"taxonomy":"product_tag","embeddable":true,"href":"https:\/\/optika.ee\/et\/wp-json\/wp\/v2\/product_tag?post=10128"}],"curies":[{"name":"wp","href":"https:\/\/api.w.org\/{rel}","templated":true}]}}