{"id":10124,"date":"2022-08-19T14:10:57","date_gmt":"2022-08-19T14:10:57","guid":{"rendered":""},"modified":"2023-02-22T16:30:41","modified_gmt":"2023-02-22T14:30:41","slug":"air-optix-aqua-3tk-karbis","status":"publish","type":"product","link":"https:\/\/optika.ee\/et\/p\/air-optix-aqua-3tk-karbis\/","title":{"rendered":"Air Optix Aqua 3tk karbis"},"content":{"rendered":"<p>Air Optix Aqua silikoonh\u00fcdrogeell\u00e4\u00e4tsede valmistamisel kasutatakse innovatiivset Aqua Moisture System&#8217;i, mis takistab l\u00e4\u00e4tse kuivamast ka pikema kandmisaja v\u00e4ltel. See tagab silmadele tervise, loomuliku tunde ja mugavuse kogu kandmisperioodi jooksul.<\/p>\n<p>AirOptix Aqua l\u00e4\u00e4tsed teeb mugavaks v\u00e4ga hea hapniku l\u00e4bikanduvusindeks (Dk\/t 138) ning niisutav komponent l\u00e4\u00e4tse materjalis ei lase silmal kuivada.<\/p>\n<p>AirOptix Aqua l\u00e4\u00e4tsed sobivad neile, kes t\u00f6\u00f6tavad palju kuvariga v\u00f5i viibivad konditsioneeritud\/kuiva \u00f5htuga ruumides. Asf\u00e4\u00e4riline l\u00e4\u00e4tsedisain tagab hea n\u00e4gemisteravuse. Antud l\u00e4\u00e4tsed on levinud ka nimega iWear XR Comfort.<\/p>\n<p>L\u00e4\u00e4tsedel on:<\/p>\n<p>Materjal Lotrafilcon B (silikoonh\u00fcdrogeel).<br \/>\nL\u00e4\u00e4tse veesisaldusega 33%<br \/>\nHapniku l\u00e4bikanduvusindeks Dk\/t 138<br \/>\nAirOptix Aqua l\u00e4\u00e4tsi v\u00f5ib kasutada p\u00e4evaste l\u00e4\u00e4tsedena 1 kuu jooksul v\u00f5i \u00f6\u00f6p\u00e4eval\u00e4\u00e4tsedena maksimaalselt 6 \u00f6\u00f6p\u00e4eva j\u00e4rjest. L\u00e4\u00e4tsede kasutamisel j\u00e4rgi optometristi v\u00f5i silmaarsti soovitusi.<\/p>\n<p>Probleemide v\u00e4ltimiseks k\u00fcsi l\u00e4\u00e4tsede kasutusjuhendit optometristilt v\u00f5i silmaarstilt ja palu neil selgitada l\u00e4\u00e4tsede \u00f5iget kandmisre\u017eiimi.<\/p>","protected":false},"excerpt":{"rendered":"<p>Air Optix Aqua silikoonh\u00fcdrogeell\u00e4\u00e4tsede valmistamisel kasutatakse innovatiivset Aqua Moisture System&#8217;i, mis takistab l\u00e4\u00e4tse kuivamast ka pikema kandmisaja v\u00e4ltel. See tagab silmadele tervise, loomuliku tunde ja mugavuse kogu kandmisperioodi jooksul.<\/p>\n","protected":false},"featured_media":10125,"template":"","meta":{"inline_featured_image":false},"product_brand":[],"product_cat":[347,344],"product_tag":[],"class_list":{"0":"post-10124","1":"product","2":"type-product","3":"status-publish","4":"has-post-thumbnail","6":"product_cat-2-4-nadalat","7":"product_cat-kontaktlaatsed","8":"pa_brand-alcon-atvn","9":"tm-has-options","11":"first","12":"instock","13":"taxable","14":"shipping-taxable","15":"purchasable","16":"product-type-simple"},"_links":{"self":[{"href":"https:\/\/optika.ee\/et\/wp-json\/wp\/v2\/product\/10124","targetHints":{"allow":["GET"]}}],"collection":[{"href":"https:\/\/optika.ee\/et\/wp-json\/wp\/v2\/product"}],"about":[{"href":"https:\/\/optika.ee\/et\/wp-json\/wp\/v2\/types\/product"}],"wp:featuredmedia":[{"embeddable":true,"href":"https:\/\/optika.ee\/et\/wp-json\/wp\/v2\/media\/10125"}],"wp:attachment":[{"href":"https:\/\/optika.ee\/et\/wp-json\/wp\/v2\/media?parent=10124"}],"wp:term":[{"taxonomy":"product_brand","embeddable":true,"href":"https:\/\/optika.ee\/et\/wp-json\/wp\/v2\/product_brand?post=10124"},{"taxonomy":"product_cat","embeddable":true,"href":"https:\/\/optika.ee\/et\/wp-json\/wp\/v2\/product_cat?post=10124"},{"taxonomy":"product_tag","embeddable":true,"href":"https:\/\/optika.ee\/et\/wp-json\/wp\/v2\/product_tag?post=10124"}],"curies":[{"name":"wp","href":"https:\/\/api.w.org\/{rel}","templated":true}]}}