{"id":10118,"date":"2022-08-19T14:10:57","date_gmt":"2022-08-19T14:10:57","guid":{"rendered":""},"modified":"2023-02-21T16:34:07","modified_gmt":"2023-02-21T14:34:07","slug":"acuvue-1-day-moist-30tk","status":"publish","type":"product","link":"https:\/\/optika.ee\/et\/p\/acuvue-1-day-moist-30tk\/","title":{"rendered":"Acuvue 1-Day Moist 30tk"},"content":{"rendered":"<p>\u00dchep\u00e4evased kontaktl\u00e4\u00e4tsed firmalt Johnson &amp; Johnson. Sobivad eriti h\u00e4sti kuivadele silmadele. Need l\u00e4\u00e4tsed on alati v\u00e4rsked, pehmed, mugavad ja niisked, seda ka p\u00e4eva l\u00f5pus. Kontaktl\u00e4\u00e4tsed sisaldavad niiskust lukustavat komponenti PVP-d (pol\u00fcvin\u00fc\u00fcl p\u00fcrrolidoon, mis sarnaneb inimese enda kudedele ja ei tundu silmas v\u00f5\u00f5rkehana, lastes pisaravedelikul vabalt ringelda nii l\u00e4\u00e4tse all kui peal).<\/p>\n<p>L\u00e4\u00e4tsedel on:<\/p>\n<p>Kaks kumerust \u2013 BC 8.5 ja BC 9.0<br \/>\nMaterjal: etafilcon A (h\u00fcdrogeel)<br \/>\nHapniku l\u00e4bilaskev\u00f5ime Dk\/t 33,3<br \/>\nVeesisaldus on 58%<br \/>\nDiameeter 14,2<br \/>\nUV-kaitse<br \/>\nL\u00e4\u00e4tsed on kergelt sinaka varjundiga, et neid oleks hoolduslahuses kergem m\u00e4rgata, lisaks on neil \u201cinside-out\u201d m\u00e4rgistus \u2013 nii ei pane sa l\u00e4\u00e4tsi kunagi tagurpidi silma.<\/p>\n<p>1-p\u00e4evased Acuvue Moist l\u00e4\u00e4tsed ei vaja hooldust, v\u00f5id need p\u00e4rast silmast eemaldamist \u00e4ra visata.<\/p>","protected":false},"excerpt":{"rendered":"<p>Acuvue Moist mugavad ja hooldusvabad 1-p\u00e4evased kontaktl\u00e4\u00e4tsed. T\u00e4nu uuele tehnoloogiale p\u00fcsib l\u00e4\u00e4tse niisutav komponent l\u00e4\u00e4tsematerjali sees ja tagab silmade loomuliku niiskustaseme ja v\u00e4rskustunde terveks p\u00e4evaks.<\/p>\n","protected":false},"featured_media":10119,"template":"","meta":{"inline_featured_image":false},"product_brand":[],"product_cat":[344,345],"product_tag":[],"class_list":{"0":"post-10118","1":"product","2":"type-product","3":"status-publish","4":"has-post-thumbnail","6":"product_cat-kontaktlaatsed","7":"product_cat-uhepaevased","8":"pa_brand-johnson-johnson-atvn","9":"tm-has-options","11":"first","12":"instock","13":"taxable","14":"shipping-taxable","15":"purchasable","16":"product-type-simple"},"_links":{"self":[{"href":"https:\/\/optika.ee\/et\/wp-json\/wp\/v2\/product\/10118","targetHints":{"allow":["GET"]}}],"collection":[{"href":"https:\/\/optika.ee\/et\/wp-json\/wp\/v2\/product"}],"about":[{"href":"https:\/\/optika.ee\/et\/wp-json\/wp\/v2\/types\/product"}],"wp:featuredmedia":[{"embeddable":true,"href":"https:\/\/optika.ee\/et\/wp-json\/wp\/v2\/media\/10119"}],"wp:attachment":[{"href":"https:\/\/optika.ee\/et\/wp-json\/wp\/v2\/media?parent=10118"}],"wp:term":[{"taxonomy":"product_brand","embeddable":true,"href":"https:\/\/optika.ee\/et\/wp-json\/wp\/v2\/product_brand?post=10118"},{"taxonomy":"product_cat","embeddable":true,"href":"https:\/\/optika.ee\/et\/wp-json\/wp\/v2\/product_cat?post=10118"},{"taxonomy":"product_tag","embeddable":true,"href":"https:\/\/optika.ee\/et\/wp-json\/wp\/v2\/product_tag?post=10118"}],"curies":[{"name":"wp","href":"https:\/\/api.w.org\/{rel}","templated":true}]}}