{"id":9833,"date":"2021-07-09T10:02:53","date_gmt":"2021-07-09T08:02:53","guid":{"rendered":"https:\/\/optika.ee\/et\/?page_id=9833"},"modified":"2021-11-01T14:40:42","modified_gmt":"2021-11-01T12:40:42","slug":"kkk","status":"publish","type":"page","link":"https:\/\/optika.ee\/et\/kkk\/","title":{"rendered":"KKK"},"content":{"rendered":"<div class=\"wpb-content-wrapper\"><p>[vc_row][vc_column][vc_toggle title=&#8221;Kui tihti peab silmakontrollis k\u00e4ima?&#8221; style=&#8221;arrow&#8221; color=&#8221;juicy_pink&#8221;]Silmi peab kontrollima iga kahe aasta tagant. Kui tunnete, et prillid on j\u00e4\u00e4nud n\u00f5rgaks, siis varem.[\/vc_toggle][vc_toggle title=&#8221;Mis vahe on silmaarstil ja optometristil?&#8221; style=&#8221;arrow&#8221; color=&#8221;juicy_pink&#8221;]Silmaarst tegeleb silma tervise uurimisega ja optometrist kontrollib n\u00e4gemist prillide tegemise jaoks.[\/vc_toggle][vc_toggle title=&#8221;Mis t\u00e4hised retseptil on OD ja OS?&#8221; style=&#8221;arrow&#8221; color=&#8221;juicy_pink&#8221;]T\u00e4his OD t\u00e4histab paremat silma ja OS vasakut.[\/vc_toggle][vc_toggle title=&#8221;Kuidas ma aru saan, et mu n\u00e4gemine on halvenenud?&#8221; style=&#8221;arrow&#8221; color=&#8221;juicy_pink&#8221;]N\u00e4gemine on n\u00f5rgenenud, kui kaugele vaatamine on halvenenud, nt teleri vaatamine v\u00f5i liikluses ei n\u00e4e h\u00e4sti liiklusm\u00e4rke v\u00f5i bussi numbrit. L\u00e4hedalt vaadates on kirjateksti lugemine raskendatud, nn k\u00e4ed j\u00e4\u00e4vad l\u00fchikeseks. Ka peavalud ning silmade v\u00e4simus v\u00f5ivad anda m\u00e4rku n\u00e4gemise halvenemisest, eriti kui valud ilmnevad p\u00e4eva l\u00f5pus v\u00f5i p\u00e4rast rohket ja intensiivset l\u00e4hit\u00f6\u00f6d.[\/vc_toggle][vc_toggle title=&#8221;Miks hilja \u00f5htul, peale t\u00f6\u00f6p\u00e4eva (arvutiga t\u00f6\u00f6), ei soovitata teostada n\u00e4gemiskontrolli?&#8221; style=&#8221;arrow&#8221; color=&#8221;juicy_pink&#8221;]Silmad on v\u00e4sinud ja seet\u00f5ttu ei tule \u00f5ige tugevus. \u00dcldjuhul tuleb tugevam, mis v\u00f5ib hiljem peavalu tekitama hakata.[\/vc_toggle][vc_toggle title=&#8221;Kas saab vanad klaasid teise raami \u00fcmber t\u00f5sta?&#8221; style=&#8221;arrow&#8221; color=&#8221;juicy_pink&#8221;]Ainult samasuguse raami sisse. Erinevatel raamidel on erinev istuvus, suurus ja klaasiava kuju, millest s\u00f5ltub klaasi detsentreerimine ja kuju.[\/vc_toggle][vc_toggle title=&#8221;Kui klaasid on kriimulised, kas seda on v\u00f5imalik maha lihvida?&#8221; style=&#8221;arrow&#8221; color=&#8221;juicy_pink&#8221;]Kriime klaasidelt maha lihvida ei ole v\u00f5imalik. Soovitame klaaside vahetust.[\/vc_toggle][vc_toggle title=&#8221;Kas on kuumakindlat pinnakatet?&#8221; style=&#8221;arrow&#8221; color=&#8221;juicy_pink&#8221;]Jah, on olemas plastikklaase, mis kannatavad kuumust kuni 125 kraadi. Vajadusel palume p\u00f6\u00f6rduda meie kauplustesse.[\/vc_toggle][vc_toggle title=&#8221;Kas p\u00e4ikeseprillidel on garanteeritud UV kaitse v\u00f5i mida t\u00e4hendab 400 nm?&#8221; style=&#8221;arrow&#8221; color=&#8221;juicy_pink&#8221;]Eesti Optik kauplustes m\u00fc\u00fcgil olevatel p\u00e4ikeseprillidel on k\u00f5igil garanteeritud 100% UV-kaitse. UV-kaitse t\u00e4hendab, et prilliklaas ei lase l\u00e4bi ultraviolettkiirgust (e n\u00f6 sinist valgust, alla 400 nm n\u00e4htavast valgusest). UV-kaitset on vaja ultraviolettkiirguse kahjuliku m\u00f5ju v\u00e4ltimiseks.[\/vc_toggle][vc_toggle title=&#8221;Kui on allergia metallile, mis lahendust pakute?&#8221; style=&#8221;arrow&#8221; color=&#8221;juicy_pink&#8221;]Kui on allergia metallraamide vastu, siis soovitame titaan materjalist. Sobivad ka plastikraamid.[\/vc_toggle][vc_toggle title=&#8221;Olen lapseootel, miks on soovitatav oodata prillide tellimisega lapse s\u00fcnnini?&#8221; style=&#8221;arrow&#8221; color=&#8221;juicy_pink&#8221;]S\u00fcnnitusega v\u00f5ivad tugevused muutuda.[\/vc_toggle][vc_toggle title=&#8221;Kas prille saab k\u00e4tte ka posti teel?&#8221; style=&#8221;arrow&#8221; color=&#8221;juicy_pink&#8221;]Jah, prille saadame ka posti teel. Kauplustes on vastav hinnakiri olemas.[\/vc_toggle][\/vc_column][\/vc_row]<\/p>\n<\/div>","protected":false},"excerpt":{"rendered":"<p>[vc_row][vc_column][vc_toggle title=&#8221;Kui tihti peab silmakontrollis k\u00e4ima?&#8221; style=&#8221;arrow&#8221; color=&#8221;juicy_pink&#8221;]Silmi peab kontrollima iga kahe aasta tagant. Kui tunnete, et prillid on j\u00e4\u00e4nud<\/p>\n","protected":false},"author":1,"featured_media":0,"parent":0,"menu_order":7,"comment_status":"closed","ping_status":"closed","template":"","meta":{"inline_featured_image":false,"footnotes":""},"class_list":["post-9833","page","type-page","status-publish","hentry"],"_links":{"self":[{"href":"https:\/\/optika.ee\/et\/wp-json\/wp\/v2\/pages\/9833","targetHints":{"allow":["GET"]}}],"collection":[{"href":"https:\/\/optika.ee\/et\/wp-json\/wp\/v2\/pages"}],"about":[{"href":"https:\/\/optika.ee\/et\/wp-json\/wp\/v2\/types\/page"}],"author":[{"embeddable":true,"href":"https:\/\/optika.ee\/et\/wp-json\/wp\/v2\/users\/1"}],"replies":[{"embeddable":true,"href":"https:\/\/optika.ee\/et\/wp-json\/wp\/v2\/comments?post=9833"}],"version-history":[{"count":6,"href":"https:\/\/optika.ee\/et\/wp-json\/wp\/v2\/pages\/9833\/revisions"}],"predecessor-version":[{"id":13340,"href":"https:\/\/optika.ee\/et\/wp-json\/wp\/v2\/pages\/9833\/revisions\/13340"}],"wp:attachment":[{"href":"https:\/\/optika.ee\/et\/wp-json\/wp\/v2\/media?parent=9833"}],"curies":[{"name":"wp","href":"https:\/\/api.w.org\/{rel}","templated":true}]}}